{"id":228,"date":"2015-05-12T11:12:48","date_gmt":"2015-05-12T08:12:48","guid":{"rendered":"http:\/\/solaforce.wpengine.com\/kenelle-solaforcen-hr-jarjestelma-soveltuu-2\/"},"modified":"2026-04-16T09:28:21","modified_gmt":"2026-04-16T06:28:21","slug":"fi","status":"publish","type":"page","link":"https:\/\/www.solaforce.com\/fi\/","title":{"rendered":"Solaforce &#8211; HR-j\u00e4rjestelm\u00e4"},"content":{"rendered":"\n\n\t<h1>Moderni HR-j\u00e4rjestelm\u00e4, joka automatisoi koko ty\u00f6suhteen elinkaaren<\/h1>\n<p><strong>Yksi HR-j\u00e4rjestelm\u00e4, jossa on kaikki. <\/strong><strong>Johda aidolla tiedolla!<\/strong><\/p>\n<p>Solaforce HCM on moderni HR-j\u00e4rjestelm\u00e4, joka vapauttaa aikaa strategiseen suunnitteluun ja johtamiseen.<\/p>\n\t\t\t<a href=\"https:\/\/www.solaforce.com\/fi\/hr-jarjestelma\/\"  target=\"_self\">\n\t\t\t\t\t\t\tHR-J\u00c4RJESTELM\u00c4 &#8211; KAIKKI YHDESS\u00c4 PAIKASSA\n\t\t\t\t\t<\/a>\n\t\t\t<a href=\"https:\/\/www.solaforce.com\/fi\/hr-jarjestelman-valinta-ja-hankinta\/\"  target=\"_self\">\n\t\t\t\t\t\t\tHR-j\u00e4rjestelm\u00e4n valinta ja hankinta\n\t\t\t\t\t<\/a>\n\t\t\t<a href=\"https:\/\/www.solaforce.com\/fi\/varaa-demo\/\"  target=\"_self\">\n\t\t\t\t\t\t\tVaraa demo\n\t\t\t\t\t<\/a>\n\t<h3>HR-j\u00e4rjestelm\u00e4 yrityksesi tarpeisiin<\/h3>\n<p>Solaforce HCM on moderni HR-j\u00e4rjestelm\u00e4, joka auttaa vapauttamaan aikaasi rutiineista strategiseen ty\u00f6skentelyyn ja liiketoimintojen tukemiseen.<\/p>\n<p>Solaforcen HR-j\u00e4rjestelm\u00e4n avulla automatisoit rekrytointia, perehdytyst\u00e4, koulutuksia ja useita muita rutiiniteht\u00e4vi\u00e4. Vain muutama klikkaus ja asiat etenev\u00e4t HR-j\u00e4rjestelm\u00e4ss\u00e4 oikein ja oikeassa j\u00e4rjestyksess\u00e4. Kattava analytiikka tuottaa laajoja ja monitasoisia raportteja HR:n ja johdon k\u00e4ytett\u00e4v\u00e4ksi. Tied\u00e4 mit\u00e4 ty\u00f6ntekij\u00f6illesi kuuluu ja pysy pulssilla!<\/p>\n\t\t\t<a href=\"https:\/\/www.solaforce.com\/fi\/hr-jarjestelma\/\"  target=\"_self\">\n\t\t\t\t\t\t\tTutustu HR-j\u00e4rjestelm\u00e4\u00e4n\n\t\t\t\t\t<\/a>\n<figure itemscope itemtype=\"https:\/\/schema.org\/ImageObject\">\n\t\t\t\t<img decoding=\"async\" src=\"http:\/\/www.solaforce.com\/wp-content\/uploads\/2026\/02\/Solaforce-HR-solution-people-solution4-721x600.png\" alt=\"HR-j\u00e4rjestelm\u00e4 tuo ihmiset ja tiedot yhteen\" title=\"Solaforce HR solution people solution4\" onerror=\"this.style.display='none'\" loading=\"lazy\" \/>\n\t<\/figure>\n<h2>\n\t\t\tModerni HR-j\u00e4rjestelm\u00e4 skaalautuu yrityksesi muuttuviin tarpeisiin. Nyt ja tulevaisuudessa\t<\/h2>\n\t<p>Solaforcen HR-j\u00e4rjestelm\u00e4ss\u00e4 henkil\u00f6st\u00f6hallinnon eri osa-alueet yhdistyv\u00e4t yhdeksi toimivaksi kokonaisuudeksi. Nauti sujuvasta k\u00e4ytt\u00e4j\u00e4kokemuksesta kaikille osapuolille &#8211; ty\u00f6ntekij\u00f6ille, esihenkil\u00f6ille ja HR-ammattilaisille.<\/p>\n<h2>\n\t\t\tSolaforcen moderni HR-j\u00e4rjestelm\u00e4 pit\u00e4\u00e4 ihmiset ja tiedot yhdess\u00e4\t<\/h2>\n<figure itemscope itemtype=\"https:\/\/schema.org\/ImageObject\">\n\t\t\t\t<img decoding=\"async\" src=\"https:\/\/www.solaforce.com\/wp-content\/uploads\/2026\/01\/jenny-ueberberg-BaSeK7rwc1A-unsplash-scaled.jpg\" alt=\"Solaforce HR johtajan tukena arjessa ja suunnittelussa\" height=\"1707\" width=\"2560\" title=\"hr solution for wellbeing management\" onerror=\"this.style.display='none'\" loading=\"lazy\" \/>\n\t<\/figure>\n<h2>\n\t\t\tHR tiedon koti \t<\/h2>\n\t<p>Automaatio ja workflow pit\u00e4v\u00e4t huolen, ett\u00e4 asiat pysyv\u00e4t j\u00e4rjestyksess\u00e4 ja hommat tulee tehdyksi kuten suunniteltu. Aikaa vapautuu rutiiniteht\u00e4vist\u00e4 ja prosessien vahtimisesta strategiseen suunnitteluun ja johtamiseen.<\/p>\n<p>Erityisesti esihenkil\u00f6ille ja loppuk\u00e4ytt\u00e4jille suunniteltuja toiminnallisuuksia, joiden avulla HR-j\u00e4rjestelm\u00e4\u00e4 on helppo ja miellytt\u00e4v\u00e4 k\u00e4ytt\u00e4\u00e4.<\/p>\n\t<p>AI ja analytiikka tuovat tietoa p\u00e4\u00e4t\u00f6ksenteon tueksi. Monipuolisten kyselyiden avulla tied\u00e4t kuinka teill\u00e4 voidaan ja pystyt reagoimaan muutoksiin nopeasti.<\/p>\n<p>Osaamis- ja koulutustarpeiden tunnistaminen ja niihin reagoiminen yhdess\u00e4 HR-j\u00e4rjestelm\u00e4ss\u00e4 auttaa koko organisaation osaamisen rakentamisessa ja suunnittelussa.<\/p>\n\t<h3>Kaikki tiedot yhdess\u00e4 paikassa<\/h3>\n<strong>Tiedot pysyv\u00e4t ajan tasalla koko ty\u00f6suhteen elinkaaren ajan<\/strong><br \/>\nKoko ty\u00f6suhteen elinkaari rekrytoinnista aina p\u00e4\u00e4ttymiseen yhdess\u00e4 paikassa. Automaattiset perehdytystoiminnot tuovat helpotusta HR:lle ja esihenkil\u00f6ille. Ty\u00f6m\u00e4\u00e4r\u00e4 v\u00e4henee, kun kaiken tiedon voi tallentaa kerran ja integraatiot hoitavat tiedon eteenp\u00e4in tarvittaviin j\u00e4rjestelmiin. Toimii kaikilla p\u00e4\u00e4telaitteella 24\/7, juuri siell\u00e4 miss\u00e4 tarvitaan. Lis\u00e4\u00e4 l\u00e4pin\u00e4kyvyytt\u00e4 prosesseihin ja vapauttaa aikaa automatisoinnin avulla.\u00a0\n\t<h3>Yksinkertaista HR prosesseja toimivan workflown avulla\u00a0<\/h3>\n<strong>Automaatio auttaa pit\u00e4m\u00e4\u00e4n langat k\u00e4siss\u00e4<\/strong><br \/>\nKaikki ydinprosessit rakennettuna valmiiseen ja monipuoliseen HR-j\u00e4rjestelm\u00e4\u00e4n. Automaatio varmistaa asioiden eteenp\u00e4in kulkemisen ja pit\u00e4\u00e4 kaikki tarvittavat ihmiset mukana huolehtien samalla m\u00e4\u00e4r\u00e4ajoista. Hyv\u00e4 ty\u00f6kalu vapauttaa aikaa p\u00e4ivitt\u00e4isist\u00e4 rutiineista suunnitteluun.\n<figure itemscope itemtype=\"https:\/\/schema.org\/ImageObject\">\n\t\t\t\t<img decoding=\"async\" src=\"http:\/\/www.solaforce.com\/wp-content\/uploads\/2026\/02\/Solaforce-HR-solution-people2.png\" alt=\"Solaforce hr-j\u00e4rjestelm\u00e4 suunnittelun ty\u00f6v\u00e4lineen\u00e4\" title=\"Solaforce HR solution people2\" onerror=\"this.style.display='none'\" loading=\"lazy\" \/>\n\t<\/figure>\n\t<h3>Ty\u00f6skentele tehokkaammin\u00a0<\/h3>\n<strong>Rutiinien automatisointi vapauttaa esihenkil\u00f6n ja HR:n aikaa<\/strong><br \/>\nN\u00e4e yhdell\u00e4 silm\u00e4yksell\u00e4 kaikki tarvittava. Esihenkil\u00f6ille ty\u00f6kaluja mm. palkkakierroksen pit\u00e4miseen sek\u00e4 poissaolojen ja osaamisten seuraamiseen. HR:lle t\u00e4rkeit\u00e4 mittareita mm. vaihtuvuuteen, henkil\u00f6st\u00f6jakaumaan ja kehityskeskusteluiden etenemisen seuraamiseen.\n\t<h3>Raportointi uudelle tasolle<\/h3>\n<strong>Tiedon yhdistely ja analysointi helposti<\/strong><br \/>\nValmiit raportit mahdollistavat helpon raportoinnin. Saat muutamalla klikkauksella\u00a0 raportteja graafiseen muotoon esityksi\u00e4 varten. K\u00e4ytt\u00e4j\u00e4profiileilla voidaan laatia erilaisia raporttipohjia aina tarpeen vaatiessa. Esihenkil\u00f6t voivat koota raportteja tiimist\u00e4\u00e4n. HR saa k\u00e4ytt\u00f6\u00f6ns\u00e4 muun muassa tunnuslukuja vaihtuvuudesta, palkkamuutoksista, poissaoloista ja kehittymisest\u00e4. Koulutusp\u00e4ivien m\u00e4\u00e4r\u00e4, osaamisvajeet sek\u00e4 lukuisat muut raportit l\u00f6ytyv\u00e4t valmiina.\n<figure itemscope itemtype=\"https:\/\/schema.org\/ImageObject\">\n\t\t\t\t<img decoding=\"async\" src=\"http:\/\/www.solaforce.com\/wp-content\/uploads\/2026\/02\/Solaforce-HR-solution-people-data.png\" alt=\"why Solaforce hr solution is the best of breed\" title=\"Solaforce HR solution people data\" onerror=\"this.style.display='none'\" loading=\"lazy\" \/>\n\t<\/figure>\n<h2>\n\t\t\tN\u00e4m\u00e4 ja monia muita toiminnallisuuksia\t<\/h2>\n\t<p>Solaforcen HR-j\u00e4rjestelm\u00e4ss\u00e4 henkil\u00f6st\u00f6hallinnon eri osa-alueet yhdistyv\u00e4t yhdeksi toimivaksi kokonaisuudeksi.\u00a0N\u00e4m\u00e4 ja monia muita toiminnallisuuksia, jotka auttavat asiakkaitamme joka p\u00e4iv\u00e4 suunnittelemaan, johtamaan ja tukemaan ihmisi\u00e4\u00e4n parhaalla mahdollisella tavalla.<\/p>\n<p>Nauti sujuvasta k\u00e4ytt\u00e4j\u00e4kokemuksesta kaikille osapuolille &#8211; ty\u00f6ntekij\u00f6ille, esihenkil\u00f6ille ja HR-ammattilaisille. Aloita uusi luku henkil\u00f6st\u00f6johtamisessa yhdess\u00e4 Solaforcen kanssa!<\/p>\n\t\t\t<a href=\"https:\/\/www.solaforce.com\/fi\/hr-jarjestelma\/\"  target=\"_self\">\n\t\t\t\t\t\t\tHR-j\u00e4rjestelm\u00e4, jossa on kaikki\n\t\t\t\t\t<\/a>\n\t\t<meta itemprop=\"url\" content=\"https:\/\/www.solaforce.com\/wp-content\/uploads\/2022\/05\/Solaforce-verkkosivuvideo-2022.mp4\" \/><div style=\"width: 640px;\" class=\"wp-video\"><video class=\"wp-video-shortcode\" id=\"video-228-1\" width=\"640\" height=\"360\" poster=\"https:\/\/www.solaforce.com\/wp-content\/uploads\/2022\/05\/Aloituskuva.jpg\" preload=\"none\" controls=\"controls\"><source type=\"video\/mp4\" src=\"https:\/\/www.solaforce.com\/wp-content\/uploads\/2022\/05\/Solaforce-verkkosivuvideo-2022.mp4?_=1\" \/><source type=\"video\/mp4\" src=\"https:\/\/www.solaforce.com\/wp-content\/uploads\/2022\/05\/Solaforce-verkkosivuvideo-2022.mp4?_=1\" \/><a href=\"https:\/\/www.solaforce.com\/wp-content\/uploads\/2022\/05\/Solaforce-verkkosivuvideo-2022.mp4\">https:\/\/www.solaforce.com\/wp-content\/uploads\/2022\/05\/Solaforce-verkkosivuvideo-2022.mp4<\/a><\/video><\/div>\t\n\t<h2>Moderni HR-j\u00e4rjestelm\u00e4 skaalautuu yrityksesi muuttuviin tarpeisiin.<br \/>\nNyt ja tulevaisuudessa.<\/h2>\n<p>Kansainv\u00e4lisen\u00e4 pilvipalveluna toimiva j\u00e4rjestelm\u00e4mme skaalautuu organisaatioihin kokoon katsomatta. Edistyksellisess\u00e4 j\u00e4rjestelm\u00e4ss\u00e4mme henkil\u00f6st\u00f6hallinnon eri osa-alueet yhdistyv\u00e4t yhdeksi toimivaksi kokonaisuudeksi. Nauti sujuvasta k\u00e4ytt\u00e4j\u00e4kokemuksesta l\u00e4pi organisaation.<\/p>\n<p>K\u00e4ytett\u00e4viss\u00e4 ajasta, paikasta ja p\u00e4\u00e4telaitteesta riippumatta &#8211; anna j\u00e4rjestelm\u00e4n tehd\u00e4 ty\u00f6t\u00e4 puolestasi.<\/p>\n<p>Tutustu lis\u00e4\u00e4 moderniin HR:n ty\u00f6v\u00e4lineeseen ja sen edistyksellisiin toiminnallisuuksiin, joiden avulla HR vapauttaa aikaa toistuvilta rutiiniteht\u00e4vilt\u00e4 ja voi keskitty\u00e4 strategiseen suunnitteluun sek\u00e4 hyvinvoinnin johtamiseen.<\/p>\n\t\t\t<a href=\"https:\/\/www.solaforce.com\/fi\/hr-jarjestelma\/\"  target=\"_self\">\n\t\t\t\t\t\t\tToiminnallisuudet\n\t\t\t\t\t<\/a>\n<figure itemscope itemtype=\"https:\/\/schema.org\/ImageObject\">\n\t\t\t\t<img decoding=\"async\" src=\"https:\/\/www.solaforce.com\/wp-content\/uploads\/2026\/01\/vitaly-gariev-lqEq-0IIcvc-unsplash-scaled.jpg\" alt=\"Solaforce HCM is modern HR solution\" height=\"1440\" width=\"2560\" title=\"Solaforce HCM solution for companies\" onerror=\"this.style.display='none'\" loading=\"lazy\" \/>\n\t<\/figure>\n<h2>\n\t\t\t Valitse moderni HR-j\u00e4rjestelm\u00e4 pilvipalveluna\t<\/h2>\n\t<strong>Huomioi j\u00e4rjestelm\u00e4valinnassa yrityksen tarpeet nyt ja tulevaisuudessa<\/strong><br \/>\nHR-j\u00e4rjestelm\u00e4n m\u00e4\u00e4rittely pohjautuu yrityksen liiketoimintojen tarpeisiin. Valintaa tehdess\u00e4 on hyv\u00e4 huomioida niin nykyiset kuin tulevaisuuden tarpeet; tarvittavat kieliversiot ja skaalautuvuus yrityksen kasvusuunnitelmien mukaisesti. Lis\u00e4ksi on hyv\u00e4 huomioida j\u00e4rjestelm\u00e4n toiminnallisuudet mm. lomasuunnittelussa, kehityskeskusteluissa sek\u00e4 ennakoivassa analytiikassa ja raportoinnissa, joiden avulla HR-j\u00e4rjestelm\u00e4st\u00e4 saadaan kaikki hy\u00f6ty irti.\n<strong><br \/>\nLis\u00e4arvoa tuovat toiminnollisuudet &#8211; Kattava analytiikka ja toiminnallisuuksia erityisesti esihenkil\u00f6ille sek\u00e4 HR:lle<\/strong><br \/>\nKattava ja reaaliaikainen analytiikka mahdollistaa monien sellaisten mittareiden ja muuttujien seuraamisen, joita ei osattu viel\u00e4 muutama vuosi sitten edes ajatella. Laajan ja toimivan analytiikan avulla saadaan tukea johtamiseen ja p\u00e4\u00e4t\u00f6ksentekoon niin lyhyell\u00e4 kuin pitk\u00e4ll\u00e4 aikav\u00e4lill\u00e4.\n<p>HR:n ja esihenkil\u00f6iden ty\u00f6tilat tuovat paljon tietoa helposti n\u00e4ht\u00e4ville ja mahdollistavat nopean reagoimisen p\u00e4ivitt\u00e4iseen tekemiseen vaikuttaviin muuttujiin. HR:n ty\u00f6tilassa on nostettu esiin HR:lle t\u00e4rkeit\u00e4 mittareita ja muuttujia. Esihenkil\u00f6n ty\u00f6tilassa n\u00e4kee helposti ja nopeasti tiimins\u00e4 p\u00e4iv\u00e4n tapahtumat, suunnittelee ja toteuttaa muutoksia.<\/p>\n\t\t\t<a href=\"https:\/\/www.solaforce.com\/fi\/hr-jarjestelma\/\"  target=\"_self\">\n\t\t\t\t\t\t\tHR-j\u00e4rjestelm\u00e4, jossa on kaikki\n\t\t\t\t\t<\/a>\n\t<p><strong>Lis\u00e4\u00e4 k\u00e4ytt\u00f6taajuutta loistavalla k\u00e4ytt\u00f6kokemuksella kaikissa p\u00e4\u00e4telaitteissa<\/strong><\/p>\nNykyp\u00e4iv\u00e4n\u00e4 teknisilt\u00e4 laitteilta odotetaan toimintavarmuutta ja nopeutta. T\u00e4m\u00e4 p\u00e4tee my\u00f6s HR-j\u00e4rjestelm\u00e4\u00e4n. Solaforcen HR-j\u00e4rjestelm\u00e4n monipuoliset k\u00e4ytt\u00e4j\u00e4profiilit takaavat HR-j\u00e4rjestelm\u00e4n toimivuuden kaikenlaisissa organisaatioissa ja luovat sujuvan k\u00e4ytt\u00f6kokemuksen kaikille k\u00e4ytt\u00e4jille. J\u00e4rjestelm\u00e4 toimii mobiilisti itsepalveluna ja on aina saatavilla ilman k\u00e4ytt\u00f6katkoksia.\u202f Helppok\u00e4ytt\u00f6inen ja intuitiivinen HR-j\u00e4rjestelm\u00e4 kaikkiin tarpeisiin.<br \/>\n<strong><br \/>\nTarkastele kustannuksia<\/strong>\n<p>J\u00e4rjestelm\u00e4valinnassa on hyv\u00e4 huomioida my\u00f6s investoinnin kustannusrakenne. Aito pilvipalveluna toimiva HR-j\u00e4rjestelm\u00e4 tekee hankinnasta ketter\u00e4\u00e4 ja kustannustehokasta. Se skaalautuu automaattisesti yrityksen kasvutarpeiden mukaisesti. Aidon pilvipalvelun etuihin kuuluu my\u00f6s p\u00e4ivitysten jatkuminen tulevaisuudessakin.<\/p>\n<p>Oikein valittu HR-j\u00e4rjestelm\u00e4 automatisoi prosessit, sitouttaa henkil\u00f6kuntaa, vapauttaa HR-yksik\u00f6n aikaa liiketoimintojen tukemiseen ja tuo kustannuss\u00e4\u00e4st\u00f6j\u00e4.<\/p>\n<h3>\n\t\t\tUutiset\t<\/h3>\n\t\t\t<a href=\"https:\/\/www.solaforce.com\/fi\/ajankohtaista\/\"  target=\"_self\">\n\t\t\t\t\t\t\tLis\u00e4\u00e4 uutisia\n\t\t\t\t\t<\/a>\n<h2>\n\t\t\tModerni HR-j\u00e4rjestelm\u00e4 kaikkiin tarpeisiin\t<\/h2>\n\t<h3><strong>Mit\u00e4 voit odottaa modernilta HR-j\u00e4rjestelm\u00e4lt\u00e4?<\/strong><\/h3>\n<p>&nbsp;<\/p>\n<h5><br \/>\nDigitaalisen ty\u00f6ymp\u00e4rist\u00f6n vaatimukset: <\/h5>\n<p>Monet yritykset panostavat toiminnanohjausj\u00e4rjestelmien ja muiden j\u00e4rjestelmien digitalisointiin. HR-yksik\u00f6n digitalisointi on yht\u00e4 t\u00e4rke\u00e4\u00e4. HR-yksik\u00f6n agendan tulisi sis\u00e4lt\u00e4\u00e4 suunnitelmat siit\u00e4, ett\u00e4 miten se tukee yrityksen digitalisaatiota ja miten se itse digitalisoi toimintansa. Modernin HR-j\u00e4rjestelm\u00e4n odotetaan vastaavan nykyisiin ty\u00f6ymp\u00e4rist\u00f6n mukaisiin vaatimuksiin. HR:n toiminta-alueella vallitsevia trendej\u00e4 ovat muun muassa digitalisaatio, automatiikka ja analytiikka, ty\u00f6ntekij\u00e4kokemuksen merkityksen kasvu, ty\u00f6hyvinvointi ja esimiesty\u00f6. Puhutaan my\u00f6s \u00e4lykk\u00e4\u00e4st\u00e4 ty\u00f6paikkakokemuksesta, mik\u00e4 tukee yrityksen kilpailukyky\u00e4 osaavasta henkil\u00f6st\u00f6st\u00e4.<\/p>\n<hr \/>\n<h5><br \/>\nAutomatiikka ja analytiikka: <\/h5>\n<p>Modernin HR-j\u00e4rjestelm\u00e4n ansiosta HR p\u00e4\u00e4see eroon exceleist\u00e4 ja pystyy aidosti automatisoimaan toimintansa. N\u00e4in aikaa s\u00e4\u00e4styy rutiinit\u00f6ist\u00e4 liiketoimintojen tukemiseen esimerkiksi resurssoinnissa, kompetenssien kartoituksessa ja suunnittelussa. HR pystyy toimimaan liiketoimintojen strategisena partnerina. Solaforcen moderni HR-j\u00e4rjestelm\u00e4 mahdollistaa uusia toimintatapoja, joka alentaa kustannuksia ja avaa uusia n\u00e4k\u00f6kulmia toimintaan. Ajantasaisen datan asioista HR pystyy laatimaan erilaisia raportteja visuaalisesti esitt\u00e4v\u00e4\u00e4n muotoon p\u00e4\u00e4t\u00f6ksenteon pohjaksi ja tueksi.<\/p>\n<hr \/>\n<h5><br \/>\nTy\u00f6ntekij\u00e4kokemus: <\/h5>\n<p>Yh\u00e4 nuoremmat sukupolvet astuvat ty\u00f6el\u00e4m\u00e4\u00e4n, mihin tarvitaan enemm\u00e4n sitouttavaa ja mukautuvaa ty\u00f6ymp\u00e4rist\u00f6\u00e4. Ty\u00f6ntekij\u00e4kokemuksen rakentaminen digitalisaation avulla nousee entist\u00e4 t\u00e4rke\u00e4mm\u00e4ksi. Digitalisaatio mahdollistaa sitouttamisen, kulttuurin rakentamisen ja suorittamisen mittaamisen yhdist\u00e4misen. Moderni HR-j\u00e4rjestelm\u00e4 sis\u00e4lt\u00e4\u00e4 pulssimittareita ja muita ty\u00f6hyvinvointiin liittyvi\u00e4 mittareita. Yhteiskunnassa on totuttu itsepalveluun; teemme esimerkiksi veroilmoituksen s\u00e4hk\u00f6isesti ja ostamme palveluita internetist\u00e4. Miksi emme voisi k\u00e4ytt\u00e4\u00e4 ty\u00f6paikalla HR-j\u00e4rjestelm\u00e4\u00e4 itsepalveluna? Digitalisointi parantaa ty\u00f6ntekij\u00e4kokemusta ja lis\u00e4\u00e4 luottamusta, kun ty\u00f6ntekij\u00e4t voivat k\u00e4ytt\u00e4\u00e4 j\u00e4rjestelm\u00e4\u00e4 itsepalveluna ja saavat l\u00e4pin\u00e4kyvyytt\u00e4 prosesseihin. HR:n aikaa s\u00e4\u00e4styy muihin teht\u00e4viin. Lis\u00e4ksi tiedot pysyv\u00e4t ajan tasalla ja ovat saatavilla 24\/7 kaikilla p\u00e4\u00e4telaitteilla.<\/p>\n<hr \/>\n<h5><br \/>\nEsihenkil\u00f6ty\u00f6: <\/h5>\n<p>Nopeat ymp\u00e4rist\u00f6n muutokset ja ty\u00f6tahti asettavat esihenkil\u00f6ille kovia vaatimuksia. Kun analytiikka kytkeytyy aidosti raportointiin, saavat esihenkil\u00f6t muutamalla klikkauksella raportteja esimerkiksi yksikk\u00f6ns\u00e4 koulutusp\u00e4ivist\u00e4 ja poissaoloista. Modernin HR-j\u00e4rjestelm\u00e4n sis\u00e4lt\u00e4m\u00e4, erityisesti esihenkil\u00f6ille suunniteltu ja r\u00e4\u00e4t\u00e4l\u00f6ity ty\u00f6tila nopeuttaa ja helpottaa p\u00e4ivitt\u00e4isi\u00e4 ty\u00f6teht\u00e4vi\u00e4, kun tiedot ovat helposti n\u00e4ht\u00e4vill\u00e4 ja k\u00e4ytett\u00e4viss\u00e4. Aikaa s\u00e4\u00e4styy henkil\u00f6kohtaiseen kanssak\u00e4ymiseen.<\/p>\n<p>Moderni HR-j\u00e4rjestelm\u00e4 auttaa sopeutumaan nopeasti muuttuviin ja ep\u00e4tavallisiin olosuhteisiin sek\u00e4 automatisoi ty\u00f6teht\u00e4v\u00e4t. Mahdollistaako nykyinen HR-j\u00e4rjestelm\u00e4si nopean reagoinnin? Pystyyk\u00f6 organisaatiosi toimimaan ketter\u00e4sti ja tukemaan kilpailukyky\u00e4si asiakkaista ja ty\u00f6ntekij\u00f6ist\u00e4?<\/p>\n<p>Seuraa meit\u00e4 <a href=\"https:\/\/www.linkedin.com\/company\/solaforce-oy\" target=\"_blank\" rel=\"noopener\">somessa<\/a>, niin saat lis\u00e4tietoja kuinka moderni HR-j\u00e4rjestelm\u00e4 auttaa t\u00e4ytt\u00e4m\u00e4\u00e4n nykyp\u00e4iv\u00e4n HR-j\u00e4rjestelm\u00e4 tarpeet eri organisaatioissa.<\/p>\n\n","protected":false},"excerpt":{"rendered":"<h1>Moderni HR-j\u00e4rjestelm\u00e4, joka automatisoi koko ty\u00f6suhteen elinkaaren<\/h1>\n<p><strong>Yksi HR-j\u00e4rjestelm\u00e4, jossa on kaikki. <\/strong><strong>Johda aidolla tiedolla!<\/strong><\/p>\n<p>Solaforce HCM on moderni HR-j\u00e4rjestelm\u00e4, joka vapauttaa aikaa strategiseen suunnitteluun ja johtamiseen.<\/p>\n<p>\t\t\t<a href=\"https:\/\/www.solaforce.com\/fi\/hr-jarjestelma\/\" ... \n\n\n\n<p><a class=\"linkki\" href=\"https:\/\/www.solaforce.com\/fi\/\">Lue lis\u00e4\u00e4<\/a><\/p>\n<p><\/a><\/p>\n","protected":false},"author":3,"featured_media":2211,"parent":0,"menu_order":0,"comment_status":"closed","ping_status":"closed","template":"","meta":{"_acf_changed":false,"footnotes":""},"class_list":["post-228","page","type-page","status-publish","has-post-thumbnail","hentry"],"acf":[],"yoast_head":"<!-- This site is optimized with the Yoast SEO plugin v26.8 - https:\/\/yoast.com\/product\/yoast-seo-wordpress\/ -->\n<title>Moderni HR-j\u00e4rjestelm\u00e4 pilvipalveluna - Solaforce<\/title>\n<meta name=\"description\" content=\"Moderni HR-j\u00e4rjestelm\u00e4 pilvipalveluna. Yhdist\u00e4 henkil\u00f6st\u00f6hallinnon osa-alueet yhdeksi kokonaisuudeksi toimivalla Solaforcen HR-ratkaisulla.\" \/>\n<meta name=\"robots\" content=\"index, follow, max-snippet:-1, max-image-preview:large, max-video-preview:-1\" \/>\n<link rel=\"canonical\" href=\"https:\/\/www.solaforce.com\/fi\/\" \/>\n<meta name=\"twitter:label1\" content=\"Arvioitu lukuaika\" \/>\n\t<meta name=\"twitter:data1\" content=\"9 minutes\" \/>\n<script type=\"application\/ld+json\" class=\"yoast-schema-graph\">{\"@context\":\"https:\/\/schema.org\",\"@graph\":[{\"@type\":\"WebPage\",\"@id\":\"https:\/\/www.solaforce.com\/fi\/\",\"url\":\"https:\/\/www.solaforce.com\/fi\/\",\"name\":\"Moderni HR-j\u00e4rjestelm\u00e4 pilvipalveluna - Solaforce\",\"isPartOf\":{\"@id\":\"https:\/\/www.solaforce.com\/#website\"},\"primaryImageOfPage\":{\"@id\":\"https:\/\/www.solaforce.com\/fi\/#primaryimage\"},\"image\":{\"@id\":\"https:\/\/www.solaforce.com\/fi\/#primaryimage\"},\"thumbnailUrl\":\"https:\/\/www.solaforce.com\/wp-content\/uploads\/2022\/09\/2022_Solaforce-HCM_7-2.png\",\"datePublished\":\"2015-05-12T08:12:48+00:00\",\"dateModified\":\"2026-04-16T06:28:21+00:00\",\"description\":\"Moderni HR-j\u00e4rjestelm\u00e4 pilvipalveluna. Yhdist\u00e4 henkil\u00f6st\u00f6hallinnon osa-alueet yhdeksi kokonaisuudeksi toimivalla Solaforcen HR-ratkaisulla.\",\"inLanguage\":\"fi\",\"potentialAction\":[{\"@type\":\"ReadAction\",\"target\":[\"https:\/\/www.solaforce.com\/fi\/\"]}]},{\"@type\":\"ImageObject\",\"inLanguage\":\"fi\",\"@id\":\"https:\/\/www.solaforce.com\/fi\/#primaryimage\",\"url\":\"https:\/\/www.solaforce.com\/wp-content\/uploads\/2022\/09\/2022_Solaforce-HCM_7-2.png\",\"contentUrl\":\"https:\/\/www.solaforce.com\/wp-content\/uploads\/2022\/09\/2022_Solaforce-HCM_7-2.png\",\"width\":2922,\"height\":1757,\"caption\":\"Solaforce HCM HR-j\u00e4rjestelm\u00e4 kaikkiin tarpeisiin\"},{\"@type\":\"WebSite\",\"@id\":\"https:\/\/www.solaforce.com\/#website\",\"url\":\"https:\/\/www.solaforce.com\/\",\"name\":\"Solaforce\",\"description\":\"Solaforce HR-j\u00e4rjestelm\u00e4 uuden sukupolven pilvipalveluna\",\"publisher\":{\"@id\":\"https:\/\/www.solaforce.com\/#organization\"},\"potentialAction\":[{\"@type\":\"SearchAction\",\"target\":{\"@type\":\"EntryPoint\",\"urlTemplate\":\"https:\/\/www.solaforce.com\/?s={search_term_string}\"},\"query-input\":{\"@type\":\"PropertyValueSpecification\",\"valueRequired\":true,\"valueName\":\"search_term_string\"}}],\"inLanguage\":\"fi\"},{\"@type\":\"Organization\",\"@id\":\"https:\/\/www.solaforce.com\/#organization\",\"name\":\"Solaforce Oy\",\"url\":\"https:\/\/www.solaforce.com\/\",\"logo\":{\"@type\":\"ImageObject\",\"inLanguage\":\"fi\",\"@id\":\"https:\/\/www.solaforce.com\/#\/schema\/logo\/image\/\",\"url\":\"http:\/\/www.solaforce.com\/wp-content\/uploads\/2016\/01\/Solaforce_logo.png\",\"contentUrl\":\"http:\/\/www.solaforce.com\/wp-content\/uploads\/2016\/01\/Solaforce_logo.png\",\"width\":509,\"height\":126,\"caption\":\"Solaforce Oy\"},\"image\":{\"@id\":\"https:\/\/www.solaforce.com\/#\/schema\/logo\/image\/\"},\"sameAs\":[\"https:\/\/www.facebook.com\/Solaforce-HCM-1101730939840740\/\",\"https:\/\/x.com\/SolaforceHCM\",\"https:\/\/www.linkedin.com\/company\/3742682\/\"]}]}<\/script>\n<!-- \/ Yoast SEO plugin. -->","yoast_head_json":{"title":"Moderni HR-j\u00e4rjestelm\u00e4 pilvipalveluna - Solaforce","description":"Moderni HR-j\u00e4rjestelm\u00e4 pilvipalveluna. Yhdist\u00e4 henkil\u00f6st\u00f6hallinnon osa-alueet yhdeksi kokonaisuudeksi toimivalla Solaforcen HR-ratkaisulla.","robots":{"index":"index","follow":"follow","max-snippet":"max-snippet:-1","max-image-preview":"max-image-preview:large","max-video-preview":"max-video-preview:-1"},"canonical":"https:\/\/www.solaforce.com\/fi\/","twitter_misc":{"Arvioitu lukuaika":"9 minutes"},"schema":{"@context":"https:\/\/schema.org","@graph":[{"@type":"WebPage","@id":"https:\/\/www.solaforce.com\/fi\/","url":"https:\/\/www.solaforce.com\/fi\/","name":"Moderni HR-j\u00e4rjestelm\u00e4 pilvipalveluna - Solaforce","isPartOf":{"@id":"https:\/\/www.solaforce.com\/#website"},"primaryImageOfPage":{"@id":"https:\/\/www.solaforce.com\/fi\/#primaryimage"},"image":{"@id":"https:\/\/www.solaforce.com\/fi\/#primaryimage"},"thumbnailUrl":"https:\/\/www.solaforce.com\/wp-content\/uploads\/2022\/09\/2022_Solaforce-HCM_7-2.png","datePublished":"2015-05-12T08:12:48+00:00","dateModified":"2026-04-16T06:28:21+00:00","description":"Moderni HR-j\u00e4rjestelm\u00e4 pilvipalveluna. Yhdist\u00e4 henkil\u00f6st\u00f6hallinnon osa-alueet yhdeksi kokonaisuudeksi toimivalla Solaforcen HR-ratkaisulla.","inLanguage":"fi","potentialAction":[{"@type":"ReadAction","target":["https:\/\/www.solaforce.com\/fi\/"]}]},{"@type":"ImageObject","inLanguage":"fi","@id":"https:\/\/www.solaforce.com\/fi\/#primaryimage","url":"https:\/\/www.solaforce.com\/wp-content\/uploads\/2022\/09\/2022_Solaforce-HCM_7-2.png","contentUrl":"https:\/\/www.solaforce.com\/wp-content\/uploads\/2022\/09\/2022_Solaforce-HCM_7-2.png","width":2922,"height":1757,"caption":"Solaforce HCM HR-j\u00e4rjestelm\u00e4 kaikkiin tarpeisiin"},{"@type":"WebSite","@id":"https:\/\/www.solaforce.com\/#website","url":"https:\/\/www.solaforce.com\/","name":"Solaforce","description":"Solaforce HR-j\u00e4rjestelm\u00e4 uuden sukupolven pilvipalveluna","publisher":{"@id":"https:\/\/www.solaforce.com\/#organization"},"potentialAction":[{"@type":"SearchAction","target":{"@type":"EntryPoint","urlTemplate":"https:\/\/www.solaforce.com\/?s={search_term_string}"},"query-input":{"@type":"PropertyValueSpecification","valueRequired":true,"valueName":"search_term_string"}}],"inLanguage":"fi"},{"@type":"Organization","@id":"https:\/\/www.solaforce.com\/#organization","name":"Solaforce Oy","url":"https:\/\/www.solaforce.com\/","logo":{"@type":"ImageObject","inLanguage":"fi","@id":"https:\/\/www.solaforce.com\/#\/schema\/logo\/image\/","url":"http:\/\/www.solaforce.com\/wp-content\/uploads\/2016\/01\/Solaforce_logo.png","contentUrl":"http:\/\/www.solaforce.com\/wp-content\/uploads\/2016\/01\/Solaforce_logo.png","width":509,"height":126,"caption":"Solaforce Oy"},"image":{"@id":"https:\/\/www.solaforce.com\/#\/schema\/logo\/image\/"},"sameAs":["https:\/\/www.facebook.com\/Solaforce-HCM-1101730939840740\/","https:\/\/x.com\/SolaforceHCM","https:\/\/www.linkedin.com\/company\/3742682\/"]}]}},"_links":{"self":[{"href":"https:\/\/www.solaforce.com\/fi\/wp-json\/wp\/v2\/pages\/228","targetHints":{"allow":["GET"]}}],"collection":[{"href":"https:\/\/www.solaforce.com\/fi\/wp-json\/wp\/v2\/pages"}],"about":[{"href":"https:\/\/www.solaforce.com\/fi\/wp-json\/wp\/v2\/types\/page"}],"author":[{"embeddable":true,"href":"https:\/\/www.solaforce.com\/fi\/wp-json\/wp\/v2\/users\/3"}],"replies":[{"embeddable":true,"href":"https:\/\/www.solaforce.com\/fi\/wp-json\/wp\/v2\/comments?post=228"}],"version-history":[{"count":11,"href":"https:\/\/www.solaforce.com\/fi\/wp-json\/wp\/v2\/pages\/228\/revisions"}],"predecessor-version":[{"id":2637,"href":"https:\/\/www.solaforce.com\/fi\/wp-json\/wp\/v2\/pages\/228\/revisions\/2637"}],"wp:featuredmedia":[{"embeddable":true,"href":"https:\/\/www.solaforce.com\/fi\/wp-json\/wp\/v2\/media\/2211"}],"wp:attachment":[{"href":"https:\/\/www.solaforce.com\/fi\/wp-json\/wp\/v2\/media?parent=228"}],"curies":[{"name":"wp","href":"https:\/\/api.w.org\/{rel}","templated":true}]}}