{"id":2322,"date":"2025-08-11T14:03:02","date_gmt":"2025-08-11T11:03:02","guid":{"rendered":"https:\/\/www.solaforce.com\/?page_id=2322"},"modified":"2026-04-16T08:52:13","modified_gmt":"2026-04-16T05:52:13","slug":"lataa-hr-jarjestelman-valintaopas","status":"publish","type":"page","link":"https:\/\/www.solaforce.com\/fi\/lataa-hr-jarjestelman-valintaopas\/","title":{"rendered":"Lataa HR-j\u00e4rjestelm\u00e4n valintaopas"},"content":{"rendered":"\n<figure itemscope itemtype=\"https:\/\/schema.org\/ImageObject\">\n\t\t\t\t<img decoding=\"async\" src=\"http:\/\/www.solaforce.com\/wp-content\/uploads\/2026\/02\/Solaforce-HR-HCM-AI-tyokalu-johtamiseen-scaled.jpg\" alt=\"Solaforce HR HCM AI ty\u00f6kalu johtamiseen\" title=\"Solaforce HR HCM AI ty\u00f6kalu johtamiseen\" onerror=\"this.style.display='none'\" loading=\"lazy\" \/>\n\t<\/figure>\n<figure itemscope itemtype=\"https:\/\/schema.org\/ImageObject\">\n\t\t\t\t<img decoding=\"async\" src=\"http:\/\/www.solaforce.com\/wp-content\/uploads\/2026\/04\/Solaforce-logo-nextgen_original11-400x86.png\" alt=\"Solaforce logo nextgen_original11\" title=\"Solaforce logo nextgen_original11\" onerror=\"this.style.display='none'\" loading=\"lazy\" \/>\n\t<\/figure>\n\t<h1><strong>HR-j\u00e4rjestelm\u00e4,<br \/>\n<\/strong><strong>jossa on kaikki<\/strong><\/h1>\n<p>&nbsp;<\/p>\n<strong>HR-j\u00e4rjestelm\u00e4, joka automatisoi<br \/>\n<\/strong><strong>koko ty\u00f6suhteen elinkaaren.<\/strong><br \/>\n<strong>Yksi HR-j\u00e4rjestelm\u00e4, jossa on kaikki.\u00a0<\/strong>\n<h1>\n\t\t\tHR-j\u00e4rjestelm\u00e4 yrityksesi tarpeisiin\t<\/h1>\n\t<p>Solaforce HCM on moderni HR-j\u00e4rjestelm\u00e4, joka auttaa vapauttamaan aikaasi rutiineista strategiseen ty\u00f6skentelyyn ja liiketoimintojen tukemiseen.<\/p>\n<p>Solaforcen HR-j\u00e4rjestelm\u00e4n avulla automatisoit rekrytointia, perehdytyst\u00e4, koulutuksia ja useita muita rutiiniteht\u00e4vi\u00e4. Vain muutama klikkaus ja asiat etenev\u00e4t HR-j\u00e4rjestelm\u00e4ss\u00e4 oikein ja oikeassa j\u00e4rjestyksess\u00e4. Kattava analytiikka tuottaa laajoja ja monitasoisia raportteja HR:n ja johdon k\u00e4ytett\u00e4v\u00e4ksi. Tied\u00e4 mit\u00e4 ty\u00f6ntekij\u00f6illesi kuuluu ja pysy pulssilla!<\/p>\n\t\t\t<a href=\"https:\/\/www.solaforce.com\/fi\/hr-jarjestelma\/\"  target=\"_self\">\n\t\t\t\t\t\t\tHR-j\u00e4rjestelm\u00e4 toiminnallisuudet\n\t\t\t\t\t<\/a>\n<figure data-animation-delay=\"0\" data-animation-duration=\"1\" itemscope itemtype=\"https:\/\/schema.org\/ImageObject\">\n\t\t\t\t<img decoding=\"async\" src=\"https:\/\/www.solaforce.com\/wp-content\/uploads\/2026\/04\/Solaforce-HR-solution-people-data7-610x600.png\" alt=\"Solaforce HR solution people data7\" height=\"600\" width=\"610\" title=\"Solaforce HR solution people data7\" onerror=\"this.style.display='none'\" loading=\"lazy\" \/>\n\t<\/figure>\n\t\t<meta itemprop=\"url\" content=\"https:\/\/www.solaforce.com\/wp-content\/uploads\/2025\/08\/Solaforce-HCM-solution-HR-jarjestelma-jossa-on-kaikki.mp4\" \/><div style=\"width: 640px;\" class=\"wp-video\"><video class=\"wp-video-shortcode\" id=\"video-2322-1\" width=\"640\" height=\"360\" poster=\"http:\/\/www.solaforce.com\/wp-content\/uploads\/2025\/08\/Aloituskuva_ENG.jpg\" preload=\"none\" controls=\"controls\"><source type=\"video\/mp4\" src=\"https:\/\/www.solaforce.com\/wp-content\/uploads\/2025\/08\/Solaforce-HCM-solution-HR-jarjestelma-jossa-on-kaikki.mp4?_=1\" \/><source type=\"video\/mp4\" src=\"https:\/\/www.solaforce.com\/wp-content\/uploads\/2025\/08\/Solaforce-HCM-solution-HR-jarjestelma-jossa-on-kaikki.mp4?_=1\" \/><a href=\"https:\/\/www.solaforce.com\/wp-content\/uploads\/2025\/08\/Solaforce-HCM-solution-HR-jarjestelma-jossa-on-kaikki.mp4\">https:\/\/www.solaforce.com\/wp-content\/uploads\/2025\/08\/Solaforce-HCM-solution-HR-jarjestelma-jossa-on-kaikki.mp4<\/a><\/video><\/div>\t\n<h2>\n\t\t\tSolaforcen moderni HR-j\u00e4rjestelm\u00e4 pit\u00e4\u00e4 ihmiset ja tiedot yhdess\u00e4 \t<\/h2>\n<figure itemscope itemtype=\"https:\/\/schema.org\/ImageObject\">\n\t\t\t\t<img decoding=\"async\" src=\"https:\/\/www.solaforce.com\/wp-content\/uploads\/2026\/01\/jenny-ueberberg-BaSeK7rwc1A-unsplash-scaled.jpg\" alt=\"Solaforce HR johtajan tukena arjessa ja suunnittelussa\" height=\"1707\" width=\"2560\" title=\"hr solution for wellbeing management\" onerror=\"this.style.display='none'\" loading=\"lazy\" \/>\n\t<\/figure>\n<h2>\n\t\t\tHR tiedon koti \t<\/h2>\n\t<p>Automaatio ja workflow pit\u00e4v\u00e4t huolen, ett\u00e4 asiat pysyv\u00e4t j\u00e4rjestyksess\u00e4 ja hommat tulee tehdyksi kuten suunniteltu. Aikaa vapautuu rutiiniteht\u00e4vist\u00e4 ja prosessien vahtimisesta strategiseen suunnitteluun ja johtamiseen.<\/p>\n<p>Erityisesti esihenkil\u00f6ille ja loppuk\u00e4ytt\u00e4jille suunniteltuja toiminnallisuuksia, joiden avulla HR-j\u00e4rjestelm\u00e4\u00e4 on helppo ja miellytt\u00e4v\u00e4 k\u00e4ytt\u00e4\u00e4.<\/p>\n\t<p>AI ja analytiikka tuovat tietoa p\u00e4\u00e4t\u00f6ksenteon tueksi. Monipuolisten kyselyiden avulla tied\u00e4t kuinka teill\u00e4 voidaan ja pystyt reagoimaan muutoksiin nopeasti.<\/p>\n<p>Osaamis- ja koulutustarpeiden tunnistaminen ja niihin reagoiminen yhdess\u00e4 HR-j\u00e4rjestelm\u00e4ss\u00e4 auttaa koko organisaation osaamisen rakentamisessa ja suunnittelussa.<\/p>\n\t\t\t<a href=\"https:\/\/www.solaforce.com\/fi\/hr-jarjestelma\/\"  target=\"_self\">\n\t\t\t\t\t\t\tLue lis\u00e4\u00e4 edistyksellisist\u00e4 toiminnallisuuksista\n\t\t\t\t\t<\/a>\n<h3>\n\t\t\tLataa HR-j\u00e4rjestelm\u00e4n valintaopas\t<\/h3>\n      <link href=\"\/\/cdn-images.mailchimp.com\/embedcode\/classic-061523.css\" rel=\"stylesheet\" type=\"text\/css\"\/>\n  <style type=\"text\/css\">\n        #mc_embed_signup{background:#fff; false;clear:left; font:14px Helvetica,Arial,sans-serif; width: 400px;}\n        \/* Add your own Mailchimp form style overrides in your site stylesheet or in this style block.\n           We recommend moving this block and the preceding CSS link to the HEAD of your HTML file. *\/\n<\/style>\n    <form action=\"https:\/\/solaforce.us10.list-manage.com\/subscribe\/post?u=2f8e5fd80ec048ac783e0914d&amp;id=fa15c9a338&amp;f_id=00c355e4f0\" method=\"post\" id=\"mc-embedded-subscribe-form\" name=\"mc-embedded-subscribe-form\" target=\"_blank\">\n            * indicates required\n            <label for=\"mce-EMAIL\">Email Address *<\/label><input type=\"email\" name=\"EMAIL\" id=\"mce-EMAIL\" required=\"\" value=\"\"\/><label for=\"mce-MMERGE1\">Name <\/label><input type=\"text\" name=\"MMERGE1\" id=\"mce-MMERGE1\" value=\"\"\/><label for=\"mce-MMERGE2\">Title <\/label><input type=\"text\" name=\"MMERGE2\" id=\"mce-MMERGE2\" value=\"\"\/><label for=\"mce-MMERGE3\">Newsletter language <\/label><select name=\"MMERGE3\" id=\"mce-MMERGE3\"><option value=\"\"><\/option><option value=\"Finnish\">Finnish<\/option><option value=\"English\">English<\/option><\/select>\n<input type=\"hidden\" name=\"tags\" value=\"14568521\"\/>\n        <input type=\"text\" name=\"b_2f8e5fd80ec048ac783e0914d_fa15c9a338\" tabindex=\"-1\" value=\"\"\/><input type=\"submit\" name=\"subscribe\" id=\"mc-embedded-subscribe\" value=\"Subscribe\"\/>\n<\/form>\n<figure itemscope itemtype=\"https:\/\/schema.org\/ImageObject\">\n\t\t\t\t<img decoding=\"async\" src=\"http:\/\/www.solaforce.com\/wp-content\/uploads\/2026\/04\/Solaforce-HR-solution-people-data6.png\" alt=\"Solaforce HR solution people data6\" title=\"Solaforce HR solution people data6\" onerror=\"this.style.display='none'\" loading=\"lazy\" \/>\n\t<\/figure>\n\t<h3>Kaikki tiedot yhdess\u00e4 paikassa<\/h3>\n<strong>Tiedot pysyv\u00e4t ajan tasalla koko ty\u00f6suhteen elinkaaren ajan<\/strong><br \/>\nKoko ty\u00f6suhteen elinkaari rekrytoinnista aina p\u00e4\u00e4ttymiseen yhdess\u00e4 paikassa. Automaattiset perehdytystoiminnot tuovat helpotusta HR:lle ja esihenkil\u00f6ille. Ty\u00f6m\u00e4\u00e4r\u00e4 v\u00e4henee, kun kaiken tiedon voi tallentaa kerran ja integraatiot hoitavat tiedon eteenp\u00e4in tarvittaviin j\u00e4rjestelmiin. Toimii kaikilla p\u00e4\u00e4telaitteella 24\/7, juuri siell\u00e4 miss\u00e4 tarvitaan. Lis\u00e4\u00e4 l\u00e4pin\u00e4kyvyytt\u00e4 prosesseihin ja vapauttaa aikaa automatisoinnin avulla.\u00a0\n\t<h3>Yksinkertaista HR prosesseja toimivan workflown avulla\u00a0<\/h3>\n<strong>Automaatio auttaa pit\u00e4m\u00e4\u00e4n langat k\u00e4siss\u00e4<\/strong><br \/>\nKaikki ydinprosessit rakennettuna valmiiseen ja monipuoliseen HR-j\u00e4rjestelm\u00e4\u00e4n. Automaatio varmistaa asioiden eteenp\u00e4in kulkemisen ja pit\u00e4\u00e4 kaikki tarvittavat ihmiset mukana huolehtien samalla m\u00e4\u00e4r\u00e4ajoista. Hyv\u00e4 ty\u00f6kalu vapauttaa aikaa p\u00e4ivitt\u00e4isist\u00e4 rutiineista suunnitteluun.\n<figure itemscope itemtype=\"https:\/\/schema.org\/ImageObject\">\n\t\t\t\t<img decoding=\"async\" src=\"http:\/\/www.solaforce.com\/wp-content\/uploads\/2026\/02\/Solaforce-HR-solution-people2.png\" alt=\"Solaforce hr-j\u00e4rjestelm\u00e4 suunnittelun ty\u00f6v\u00e4lineen\u00e4\" title=\"Solaforce HR solution people2\" onerror=\"this.style.display='none'\" loading=\"lazy\" \/>\n\t<\/figure>\n\t<h3>Tee ty\u00f6suhteen alkamisesta iloinen kokemus kaikille<\/h3>\n<strong>Toivota uudet ihmiset tervetulleiksi ilman turhaa s\u00e4\u00e4t\u00e4mist\u00e4<\/strong><br \/>\nUuden ty\u00f6suhteen aloittaminen sujuvasti aina rekrytoinnista ty\u00f6sopimuksen allekirjoittamiseen ja perehdytykseen. Luo selke\u00e4 ja helppo pre- ja onboarding automaatio vastaanottamaan uudet ihmiset. On kiva aloittaa uudessa ty\u00f6ss\u00e4, kun on tervetullut olo.\u00a0\n\t<h3>Ty\u00f6kalu tyytyv\u00e4isyys- ja fiiliskyselyihin\u00a0<\/h3>\n<strong>Kyselyty\u00f6kalulla toteutat kaikki kyselyt ja ker\u00e4\u00e4t palautetta<\/strong><br \/>\nHelppo SolaSurvey-ty\u00f6kalu kaikkiin sis\u00e4isiin kyselyihin niin palaute- ja ty\u00f6tyytyv\u00e4isyyskyselyihin kuin virkistysp\u00e4iv\u00e4n ohjelmanumeroon liittyen. Osoita kyselyit\u00e4 kaikille tai vain halutuille yksik\u00f6ille tai henkil\u00f6ille. Vastaaminen on helppoa ja nopeaa. Saat vastauksista graafisia ja helposti eteenp\u00e4in jaettavia tuloksia. Ty\u00f6hyvinvoinnin seuraaminen fiilis- ja pulssimittareiden avulla antaa arvokasta lis\u00e4tietoa. Voit my\u00f6s ker\u00e4t\u00e4 palautetta kollegoilta ja tiimil\u00e4isilt\u00e4.\n<figure itemscope itemtype=\"https:\/\/schema.org\/ImageObject\">\n\t\t\t\t<img decoding=\"async\" src=\"http:\/\/www.solaforce.com\/wp-content\/uploads\/2026\/02\/Solaforce-HR-solution-people-data2.png\" alt=\"hr-j\u00e4rjestelm\u00e4 jota k\u00e4ytt\u00e4j\u00e4t suosittelevat\" title=\"Solaforce HR solution people data2\" onerror=\"this.style.display='none'\" loading=\"lazy\" \/>\n\t<\/figure>\n\t<h3>Ty\u00f6skentele tehokkaammin\u00a0<\/h3>\n<strong>Rutiinien automatisointi vapauttaa esihenkil\u00f6n ja HR:n aikaa<\/strong><br \/>\nN\u00e4e yhdell\u00e4 silm\u00e4yksell\u00e4 kaikki tarvittava. Esihenkil\u00f6ille ty\u00f6kaluja mm. palkkakierroksen pit\u00e4miseen sek\u00e4 poissaolojen ja osaamisten seuraamiseen. HR:lle t\u00e4rkeit\u00e4 mittareita mm. vaihtuvuuteen, henkil\u00f6st\u00f6jakaumaan ja kehityskeskusteluiden etenemisen seuraamiseen.\n\t<h3>Raportointi uudelle tasolle<\/h3>\n<strong>Tiedon yhdistely ja analysointi helposti<\/strong><br \/>\nValmiit raportit mahdollistavat helpon raportoinnin. Saat muutamalla klikkauksella\u00a0 raportteja graafiseen muotoon esityksi\u00e4 varten. K\u00e4ytt\u00e4j\u00e4profiileilla voidaan laatia erilaisia raporttipohjia aina tarpeen vaatiessa. Esihenkil\u00f6t voivat koota raportteja tiimist\u00e4\u00e4n. HR saa k\u00e4ytt\u00f6\u00f6ns\u00e4 muun muassa tunnuslukuja vaihtuvuudesta, palkkamuutoksista, poissaoloista ja kehittymisest\u00e4. Koulutusp\u00e4ivien m\u00e4\u00e4r\u00e4, osaamisvajeet sek\u00e4 lukuisat muut raportit l\u00f6ytyv\u00e4t valmiina.\n<figure itemscope itemtype=\"https:\/\/schema.org\/ImageObject\">\n\t\t\t\t<img decoding=\"async\" src=\"http:\/\/www.solaforce.com\/wp-content\/uploads\/2026\/02\/Solaforce-HR-solution-people-data.png\" alt=\"why Solaforce hr solution is the best of breed\" title=\"Solaforce HR solution people data\" onerror=\"this.style.display='none'\" loading=\"lazy\" \/>\n\t<\/figure>\n\t<h3>Kehittyminen ja osaaminen prioriteetiksi<\/h3>\n<strong>Tue osaamisten kasvua ja kehittymist\u00e4 entist\u00e4 laajemmin<\/strong><br \/>\nTunnista oman organisaation talentit, tue osaamisten kasvua ja kannusta kehittym\u00e4\u00e4n. Monipuoliset toiminnallisuudet tuovat osaamisenkehitt\u00e4misen ja vaalimisen aidosti osaksi arkea. Panostus osaamisten kasvattamiseen, sertifikaattien yll\u00e4pit\u00e4miseen ja oppimiseen pit\u00e4v\u00e4t huolen, ett\u00e4 liiketoiminnalla on menestymisen avaimet my\u00f6s tulevaisuudessa.\n\t<h3>Suorituksen vahvistaminen\u00a0<\/h3>\n<strong>Tarjoa parhaat ty\u00f6kalut suorituksen johtamiseen<\/strong><br \/>\nHelpot ja selke\u00e4t kehittymis- ja tavoiteprosessit mahdollistavat parhaan mahdollisen suorituksen. Loista HR ammattilaisena hyvien ty\u00f6kalujen avulla. Esihenkil\u00f6ille selke\u00e4 ja j\u00e4sennelty toimintamalli mahdollistaa isojen globaalien tiimien hallitsemisen helposti. Jokaiselle tiimil\u00e4iselle selke\u00e4t tavoitteet, joiden toteutumista voi seurata s\u00e4\u00e4nn\u00f6llisesti.\n<figure itemscope itemtype=\"https:\/\/schema.org\/ImageObject\">\n\t\t\t\t<img decoding=\"async\" src=\"http:\/\/www.solaforce.com\/wp-content\/uploads\/2026\/04\/Solaforce-HR-solution-people-data7.png\" alt=\"Solaforce HR solution people data7\" title=\"Solaforce HR solution people data7\" onerror=\"this.style.display='none'\" loading=\"lazy\" \/>\n\t<\/figure>\n\t\t\t<a href=\"https:\/\/www.solaforce.com\/fi\/hr-jarjestelma\/\"  target=\"_self\">\n\t\t\t\t\t\t\tLue lis\u00e4\u00e4 edistyksellisist\u00e4 toiminnallisuuksista\n\t\t\t\t\t<\/a>\n<h2>\n\t\t\tModerni HR-j\u00e4rjestelm\u00e4 skaalautuu yrityksesi muuttuviin tarpeisiin. Nyt ja tulevaisuudessa\t<\/h2>\n\t<p>Solaforcen HR-j\u00e4rjestelm\u00e4ss\u00e4 henkil\u00f6st\u00f6hallinnon eri osa-alueet yhdistyv\u00e4t yhdeksi toimivaksi kokonaisuudeksi. Nauti sujuvasta k\u00e4ytt\u00e4j\u00e4kokemuksesta kaikille osapuolille &#8211; ty\u00f6ntekij\u00f6ille, esihenkil\u00f6ille ja HR-ammattilaisille.<\/p>\n<h3>\n\t\t\tLue lis\u00e4\u00e4\t<\/h3>\n\t\t\t<a href=\"https:\/\/www.solaforce.com\/fi\/ajankohtaista\/\"  target=\"_self\">\n\t\t\t\t\t\t\tLis\u00e4\u00e4 uutisia\n\t\t\t\t\t<\/a>\n\n","protected":false},"excerpt":{"rendered":"<figure itemscope itemtype=\"https:\/\/schema.org\/ImageObject\">\n\t\t\t\t<img decoding=\"async\" src=\"http:\/\/www.solaforce.com\/wp-content\/uploads\/2026\/02\/Solaforce-HR-HCM-AI-tyokalu-johtamiseen-scaled.jpg\" alt=\"Solaforce HR HCM AI ty\u00f6kalu johtamiseen\" title=\"Solaforce HR HCM AI ty\u00f6kalu johtamiseen\" onerror=\"this.style.display='none'\" loading=\"lazy\" \/><br \/>\n\t<\/figure>\n<figure itemscope itemtype=\"https:\/\/schema.org\/ImageObject\">\n\t\t\t\t<img decoding=\"async\" src=\"http:\/\/www.solaforce.com\/wp-content\/uploads\/2026\/04\/Solaforce-logo-nextgen_original11-400x86.png\" alt=\"Solaforce logo nextgen_original11\" title=\"Solaforce logo nextgen_original11\" onerror=\"this.style.display='none'\" loading=\"lazy\" \/><br \/>\n\t<\/figure>\n<h1><strong>HR-j\u00e4rjestelm\u00e4,<br \/>\n<\/strong><strong>jossa on kaikki<\/strong><\/h1>\n<p>&nbsp;<\/p>\n<p><strong>HR-j\u00e4rjestelm\u00e4, joka automatisoi<br \/>\n<\/strong><strong>koko ty\u00f6suhteen elinkaaren.<\/strong><br \/>\n<strong>Yksi HR-j\u00e4rjestelm\u00e4, jossa on kaikki.\u00a0<\/strong><\/p>\n<h1>\n\t\t\tHR-j\u00e4rjestelm\u00e4 yrityksesi tarpeisiin\t<\/h1>\n<p>Solaforce HCM on moderni HR-j\u00e4rjestelm\u00e4, joka&#8230; <\/p>\n<p><a class=\"linkki\" href=\"https:\/\/www.solaforce.com\/fi\/lataa-hr-jarjestelman-valintaopas\/\">Lue lis\u00e4\u00e4<\/a><\/p><\/p>\n","protected":false},"author":3,"featured_media":1929,"parent":0,"menu_order":0,"comment_status":"closed","ping_status":"closed","template":"","meta":{"_acf_changed":false,"footnotes":""},"class_list":["post-2322","page","type-page","status-publish","has-post-thumbnail","hentry"],"acf":[],"yoast_head":"<!-- This site is optimized with the Yoast SEO plugin v26.8 - https:\/\/yoast.com\/product\/yoast-seo-wordpress\/ -->\n<title>Lataa HR-j\u00e4rjestelm\u00e4n valintaopas<\/title>\n<meta name=\"description\" content=\"HR-j\u00e4rjestelm\u00e4, jossa on kaikki &nbsp; HR-j\u00e4rjestelm\u00e4, joka automatisoi koko ty\u00f6suhteen elinkaaren. Yksi HR-j\u00e4rjestelm\u00e4, jossa on kaikki.\u00a0 HR-j\u00e4rjestelm\u00e4\" \/>\n<meta name=\"robots\" content=\"index, follow, max-snippet:-1, max-image-preview:large, max-video-preview:-1\" \/>\n<link rel=\"canonical\" href=\"https:\/\/www.solaforce.com\/fi\/lataa-hr-jarjestelman-valintaopas\/\" \/>\n<meta name=\"twitter:label1\" content=\"Arvioitu lukuaika\" \/>\n\t<meta name=\"twitter:data1\" content=\"3 minutes\" \/>\n<script type=\"application\/ld+json\" class=\"yoast-schema-graph\">{\"@context\":\"https:\/\/schema.org\",\"@graph\":[{\"@type\":\"WebPage\",\"@id\":\"https:\/\/www.solaforce.com\/fi\/lataa-hr-jarjestelman-valintaopas\/\",\"url\":\"https:\/\/www.solaforce.com\/fi\/lataa-hr-jarjestelman-valintaopas\/\",\"name\":\"Lataa HR-j\u00e4rjestelm\u00e4n valintaopas\",\"isPartOf\":{\"@id\":\"https:\/\/www.solaforce.com\/#website\"},\"primaryImageOfPage\":{\"@id\":\"https:\/\/www.solaforce.com\/fi\/lataa-hr-jarjestelman-valintaopas\/#primaryimage\"},\"image\":{\"@id\":\"https:\/\/www.solaforce.com\/fi\/lataa-hr-jarjestelman-valintaopas\/#primaryimage\"},\"thumbnailUrl\":\"https:\/\/www.solaforce.com\/wp-content\/uploads\/2019\/05\/corinne-kutz-211251-unsplash.jpg\",\"datePublished\":\"2025-08-11T11:03:02+00:00\",\"dateModified\":\"2026-04-16T05:52:13+00:00\",\"description\":\"HR-j\u00e4rjestelm\u00e4, jossa on kaikki &nbsp; HR-j\u00e4rjestelm\u00e4, joka automatisoi koko ty\u00f6suhteen elinkaaren. Yksi HR-j\u00e4rjestelm\u00e4, jossa on kaikki.\u00a0 HR-j\u00e4rjestelm\u00e4\",\"inLanguage\":\"fi\",\"potentialAction\":[{\"@type\":\"ReadAction\",\"target\":[\"https:\/\/www.solaforce.com\/fi\/lataa-hr-jarjestelman-valintaopas\/\"]}]},{\"@type\":\"ImageObject\",\"inLanguage\":\"fi\",\"@id\":\"https:\/\/www.solaforce.com\/fi\/lataa-hr-jarjestelman-valintaopas\/#primaryimage\",\"url\":\"https:\/\/www.solaforce.com\/wp-content\/uploads\/2019\/05\/corinne-kutz-211251-unsplash.jpg\",\"contentUrl\":\"https:\/\/www.solaforce.com\/wp-content\/uploads\/2019\/05\/corinne-kutz-211251-unsplash.jpg\",\"width\":2880,\"height\":1920,\"caption\":\"Moderni HR-j\u00e4rjestelm\u00e4 jossa on kaikki\"},{\"@type\":\"WebSite\",\"@id\":\"https:\/\/www.solaforce.com\/#website\",\"url\":\"https:\/\/www.solaforce.com\/\",\"name\":\"Solaforce\",\"description\":\"Solaforce HR-j\u00e4rjestelm\u00e4 uuden sukupolven pilvipalveluna\",\"publisher\":{\"@id\":\"https:\/\/www.solaforce.com\/#organization\"},\"potentialAction\":[{\"@type\":\"SearchAction\",\"target\":{\"@type\":\"EntryPoint\",\"urlTemplate\":\"https:\/\/www.solaforce.com\/?s={search_term_string}\"},\"query-input\":{\"@type\":\"PropertyValueSpecification\",\"valueRequired\":true,\"valueName\":\"search_term_string\"}}],\"inLanguage\":\"fi\"},{\"@type\":\"Organization\",\"@id\":\"https:\/\/www.solaforce.com\/#organization\",\"name\":\"Solaforce Oy\",\"url\":\"https:\/\/www.solaforce.com\/\",\"logo\":{\"@type\":\"ImageObject\",\"inLanguage\":\"fi\",\"@id\":\"https:\/\/www.solaforce.com\/#\/schema\/logo\/image\/\",\"url\":\"http:\/\/www.solaforce.com\/wp-content\/uploads\/2016\/01\/Solaforce_logo.png\",\"contentUrl\":\"http:\/\/www.solaforce.com\/wp-content\/uploads\/2016\/01\/Solaforce_logo.png\",\"width\":509,\"height\":126,\"caption\":\"Solaforce Oy\"},\"image\":{\"@id\":\"https:\/\/www.solaforce.com\/#\/schema\/logo\/image\/\"},\"sameAs\":[\"https:\/\/www.facebook.com\/Solaforce-HCM-1101730939840740\/\",\"https:\/\/x.com\/SolaforceHCM\",\"https:\/\/www.linkedin.com\/company\/3742682\/\"]}]}<\/script>\n<!-- \/ Yoast SEO plugin. -->","yoast_head_json":{"title":"Lataa HR-j\u00e4rjestelm\u00e4n valintaopas","description":"HR-j\u00e4rjestelm\u00e4, jossa on kaikki &nbsp; HR-j\u00e4rjestelm\u00e4, joka automatisoi koko ty\u00f6suhteen elinkaaren. Yksi HR-j\u00e4rjestelm\u00e4, jossa on kaikki.\u00a0 HR-j\u00e4rjestelm\u00e4","robots":{"index":"index","follow":"follow","max-snippet":"max-snippet:-1","max-image-preview":"max-image-preview:large","max-video-preview":"max-video-preview:-1"},"canonical":"https:\/\/www.solaforce.com\/fi\/lataa-hr-jarjestelman-valintaopas\/","twitter_misc":{"Arvioitu lukuaika":"3 minutes"},"schema":{"@context":"https:\/\/schema.org","@graph":[{"@type":"WebPage","@id":"https:\/\/www.solaforce.com\/fi\/lataa-hr-jarjestelman-valintaopas\/","url":"https:\/\/www.solaforce.com\/fi\/lataa-hr-jarjestelman-valintaopas\/","name":"Lataa HR-j\u00e4rjestelm\u00e4n valintaopas","isPartOf":{"@id":"https:\/\/www.solaforce.com\/#website"},"primaryImageOfPage":{"@id":"https:\/\/www.solaforce.com\/fi\/lataa-hr-jarjestelman-valintaopas\/#primaryimage"},"image":{"@id":"https:\/\/www.solaforce.com\/fi\/lataa-hr-jarjestelman-valintaopas\/#primaryimage"},"thumbnailUrl":"https:\/\/www.solaforce.com\/wp-content\/uploads\/2019\/05\/corinne-kutz-211251-unsplash.jpg","datePublished":"2025-08-11T11:03:02+00:00","dateModified":"2026-04-16T05:52:13+00:00","description":"HR-j\u00e4rjestelm\u00e4, jossa on kaikki &nbsp; HR-j\u00e4rjestelm\u00e4, joka automatisoi koko ty\u00f6suhteen elinkaaren. Yksi HR-j\u00e4rjestelm\u00e4, jossa on kaikki.\u00a0 HR-j\u00e4rjestelm\u00e4","inLanguage":"fi","potentialAction":[{"@type":"ReadAction","target":["https:\/\/www.solaforce.com\/fi\/lataa-hr-jarjestelman-valintaopas\/"]}]},{"@type":"ImageObject","inLanguage":"fi","@id":"https:\/\/www.solaforce.com\/fi\/lataa-hr-jarjestelman-valintaopas\/#primaryimage","url":"https:\/\/www.solaforce.com\/wp-content\/uploads\/2019\/05\/corinne-kutz-211251-unsplash.jpg","contentUrl":"https:\/\/www.solaforce.com\/wp-content\/uploads\/2019\/05\/corinne-kutz-211251-unsplash.jpg","width":2880,"height":1920,"caption":"Moderni HR-j\u00e4rjestelm\u00e4 jossa on kaikki"},{"@type":"WebSite","@id":"https:\/\/www.solaforce.com\/#website","url":"https:\/\/www.solaforce.com\/","name":"Solaforce","description":"Solaforce HR-j\u00e4rjestelm\u00e4 uuden sukupolven pilvipalveluna","publisher":{"@id":"https:\/\/www.solaforce.com\/#organization"},"potentialAction":[{"@type":"SearchAction","target":{"@type":"EntryPoint","urlTemplate":"https:\/\/www.solaforce.com\/?s={search_term_string}"},"query-input":{"@type":"PropertyValueSpecification","valueRequired":true,"valueName":"search_term_string"}}],"inLanguage":"fi"},{"@type":"Organization","@id":"https:\/\/www.solaforce.com\/#organization","name":"Solaforce Oy","url":"https:\/\/www.solaforce.com\/","logo":{"@type":"ImageObject","inLanguage":"fi","@id":"https:\/\/www.solaforce.com\/#\/schema\/logo\/image\/","url":"http:\/\/www.solaforce.com\/wp-content\/uploads\/2016\/01\/Solaforce_logo.png","contentUrl":"http:\/\/www.solaforce.com\/wp-content\/uploads\/2016\/01\/Solaforce_logo.png","width":509,"height":126,"caption":"Solaforce Oy"},"image":{"@id":"https:\/\/www.solaforce.com\/#\/schema\/logo\/image\/"},"sameAs":["https:\/\/www.facebook.com\/Solaforce-HCM-1101730939840740\/","https:\/\/x.com\/SolaforceHCM","https:\/\/www.linkedin.com\/company\/3742682\/"]}]}},"_links":{"self":[{"href":"https:\/\/www.solaforce.com\/fi\/wp-json\/wp\/v2\/pages\/2322","targetHints":{"allow":["GET"]}}],"collection":[{"href":"https:\/\/www.solaforce.com\/fi\/wp-json\/wp\/v2\/pages"}],"about":[{"href":"https:\/\/www.solaforce.com\/fi\/wp-json\/wp\/v2\/types\/page"}],"author":[{"embeddable":true,"href":"https:\/\/www.solaforce.com\/fi\/wp-json\/wp\/v2\/users\/3"}],"replies":[{"embeddable":true,"href":"https:\/\/www.solaforce.com\/fi\/wp-json\/wp\/v2\/comments?post=2322"}],"version-history":[{"count":5,"href":"https:\/\/www.solaforce.com\/fi\/wp-json\/wp\/v2\/pages\/2322\/revisions"}],"predecessor-version":[{"id":2624,"href":"https:\/\/www.solaforce.com\/fi\/wp-json\/wp\/v2\/pages\/2322\/revisions\/2624"}],"wp:featuredmedia":[{"embeddable":true,"href":"https:\/\/www.solaforce.com\/fi\/wp-json\/wp\/v2\/media\/1929"}],"wp:attachment":[{"href":"https:\/\/www.solaforce.com\/fi\/wp-json\/wp\/v2\/media?parent=2322"}],"curies":[{"name":"wp","href":"https:\/\/api.w.org\/{rel}","templated":true}]}}