{"id":255,"date":"2015-05-15T15:00:24","date_gmt":"2015-05-15T12:00:24","guid":{"rendered":"http:\/\/solaforce.wpengine.com\/solaforce-hcm\/benefits\/"},"modified":"2017-04-07T14:15:40","modified_gmt":"2017-04-07T11:15:40","slug":"hyodyt","status":"publish","type":"page","link":"https:\/\/www.solaforce.com\/fi\/hr-jarjestelma\/hyodyt\/","title":{"rendered":"Hy\u00f6dyt"},"content":{"rendered":"<p><span><div class=\"wrap wrap-900 short-wrap\"><\/span><\/p>\n<h2><strong><span>Uuden sukupolven HR-j\u00e4rjestelm\u00e4st\u00e4 kaikki hy\u00f6ty irti<\/span><\/strong><\/h2>\n<p><span>Liiketoiminnan kehitt\u00e4minen ja kasvun tukeminen henkil\u00f6st\u00f6johtamisen avulla on mahdollista. Solaforcen HR-ratkaisu on \u00e4lyk\u00e4s ohjelmisto, joka mahdollistaa tietojen p\u00e4ivitt\u00e4misen, hallinnan, seuraamisen ja analysoinnin entist\u00e4 tehokkaammin. Hallitse ketjua rekrytoinnista aina l\u00e4pi ty\u00f6ntekij\u00e4n ty\u00f6uran yhdell\u00e4 ty\u00f6kalulla, joka skaalautuu yrityksesi tarpeiden mukaan sek\u00e4 integroituu osaksi yrityksen muita j\u00e4rjestelmi\u00e4. Ota uuden sukupolven HR-j\u00e4rjestelm\u00e4st\u00e4 kaikki hy\u00f6ty irti yrityksesi parhaaksi!<\/span><\/p>\n<p><span><\/div><\/span><\/p>\n<p>&nbsp;<\/p>\n<p>&nbsp;<\/p>\n<div class=\"columns row group\">\n<div class=\"col cols-2\">\n<h3><strong><span>Solaforce HCM-ohjelmiston hy\u00f6dyt<\/span><\/strong><\/h3>\n<ul>\n<li><span>Yrityksen strategian ja henkil\u00f6kohtaisten tavoitteiden tuominen osaksi p\u00e4ivitt\u00e4ist\u00e4 liiketoimintaa<\/span><\/li>\n<li><span>Aidosti pilvipalveluksi syntynyt ratkaisu ilman monimutkaisia ohjelmistoja tai k\u00e4ytt\u00f6\u00f6nottoja<\/span><\/li>\n<li><span>Skaalautuva ja suorituskykyinen ratkaisu k\u00e4ytett\u00e4viss\u00e4 24\/7 kaikkialla maailmassa<\/span><\/li>\n<li><span>Integroiminen muihin j\u00e4rjestelmiin valmiiden rajapintojen kautta<\/span><\/li>\n<li><span>Henkil\u00f6st\u00f6hallinnon j\u00e4rjestelmien j\u00e4rkev\u00f6itt\u00e4minen yhdell\u00e4 ratkaisulla<\/span><\/li>\n<\/ul>\n<\/div>\n<div class=\"col cols-2\">\n<p><img loading=\"lazy\" decoding=\"async\" width=\"593\" height=\"400\" class=\"alignnone wp-image-539 size-full\" alt=\"hr-ohjelmisto\" src=\"https:\/\/www.solaforce.com\/wp-content\/uploads\/2015\/05\/Tablet_home.png\" srcset=\"https:\/\/www.solaforce.com\/wp-content\/uploads\/2015\/05\/Tablet_home.png 593w, https:\/\/www.solaforce.com\/wp-content\/uploads\/2015\/05\/Tablet_home-400x270.png 400w, https:\/\/www.solaforce.com\/wp-content\/uploads\/2015\/05\/Tablet_home-40x27.png 40w, https:\/\/www.solaforce.com\/wp-content\/uploads\/2015\/05\/Tablet_home-60x40.png 60w\" sizes=\"auto, (max-width: 593px) 100vw, 593px\" \/><\/p>\n<\/div>\n<\/div>\n<p>&nbsp;<\/p>\n<div class=\"columns row group\">\n<div class=\"col cols-2\">\n<h3><strong><span>Yrityksen ja henkil\u00f6st\u00f6n ohjaaminen strategian suuntaisesti<\/span><\/strong><\/h3>\n<p><span>Modernin HR-ratkaisun avulla helpotetaan henkil\u00f6st\u00f6asioista vastaavien ty\u00f6taakkaa sek\u00e4 tuodaan ty\u00f6kaluja henkil\u00f6st\u00f6johtamiseen. Se antaa uudenlaisen tavan seurata ty\u00f6ss\u00e4 viihtymist\u00e4 ja jaksamista mm. ty\u00f6teht\u00e4vien ja tavoitteiden mielekkyytt\u00e4. Ratkaisun avulla voidaan seurata strategian toteutumista yrityksen ja yksil\u00f6n tasolla.<\/span><\/p>\n<\/div>\n<div class=\"col cols-2\">\n<h3><strong><span>Suorituskykyinen ratkaisu joka toimii kaikkialla maailmassa halutulla kielell\u00e4<\/span><\/strong><\/h3>\n<p><span>Aidosti pilvipalveluksi syntynyt ratkaisu, jossa ohjelmiston suorituskyky ei lopu kesken suurienkaan organisaatioiden kohdalla. K\u00e4ytt\u00e4minen onnistuu asiakkaan haluamalla kielell\u00e4 sek\u00e4 kaikilla p\u00e4\u00e4telaitteilla. Kustannustehokas k\u00e4ytt\u00f6\u00f6notto koulutuksineen onnistuu nopeasti ilman erillisi\u00e4 asennuksia. <\/span><\/p>\n<p>&nbsp;<\/p>\n<\/div>\n<\/div>\n<p>&nbsp;<\/p>\n<div class=\"columns row group\">\n<div class=\"col cols-2\">\n<p><img loading=\"lazy\" decoding=\"async\" width=\"593\" height=\"400\" class=\"alignnone wp-image-535 size-full\" alt=\"Solaforcen HR-j\u00e4rjestelm\u00e4 toimii kaikissa p\u00e4\u00e4telaitteissa\" src=\"https:\/\/www.solaforce.com\/wp-content\/uploads\/2015\/05\/Tablet_ipad.png\" srcset=\"https:\/\/www.solaforce.com\/wp-content\/uploads\/2015\/05\/Tablet_ipad.png 593w, https:\/\/www.solaforce.com\/wp-content\/uploads\/2015\/05\/Tablet_ipad-400x270.png 400w, https:\/\/www.solaforce.com\/wp-content\/uploads\/2015\/05\/Tablet_ipad-40x27.png 40w, https:\/\/www.solaforce.com\/wp-content\/uploads\/2015\/05\/Tablet_ipad-60x40.png 60w\" sizes=\"auto, (max-width: 593px) 100vw, 593px\" \/><\/p>\n<\/div>\n<div class=\"col cols-2\">\n<h3><strong><span>Suorituksen hallinta ja ty\u00f6teht\u00e4vien jakaminen<\/span><\/strong><\/h3>\n<p><span>Aseta tavoitteita yritystasolla sek\u00e4 yksitt\u00e4isille tiimeille ett\u00e4 ty\u00f6ntekij\u00f6ille. Paranna tehokkuutta ja ty\u00f6tuloksia seuraamalla tavoitteiden t\u00e4yttymist\u00e4 ja reagoimalla muutoksiin. Paranna osaamisen hy\u00f6dynt\u00e4mist\u00e4 suunnittelemalla ty\u00f6teht\u00e4vi\u00e4 ja niihin varattavia resursseja sek\u00e4 reagoimalla ty\u00f6m\u00e4\u00e4r\u00e4n lis\u00e4\u00e4ntymiseen ajoissa.<\/span><\/p>\n<h3><strong><span>Organisaation kehitys ja muutokset<\/span><\/strong><\/h3>\n<p><span>Ker\u00e4\u00e4 yhteen paikkaan tieto siit\u00e4 mit\u00e4 muutoksia organisaatiossa tapahtuu. Helppo ja nopea tapa lis\u00e4t\u00e4 sek\u00e4 muuttaa yrityksen organisaatiorakennetta ja p\u00e4ivitt\u00e4\u00e4 vastuualueita.<\/span><\/p>\n<\/div>\n<\/div>\n<h3><\/h3>\n<div class=\"columns row group\">\n<div class=\"columns row group\">\n<div class=\"col cols-2\">\n<h3><strong><span>Kaikki yhteystiedot samassa paikassa<\/span><\/strong><\/h3>\n<p><span>Yrityksen ei tarvitse en\u00e4\u00e4 yll\u00e4pit\u00e4\u00e4 erillisi\u00e4 puhelinluetteloita, sill\u00e4 nyt yhteystiedot l\u00f6ytyv\u00e4t keskitetysti yhdest\u00e4 paikasta. Helposti selattava puhelinluettelo kulkee mukana mobiilisti, jotta l\u00f6yd\u00e4t haluamasi yhteystiedot aina tarvittaessa.<\/span><\/p>\n<h3><strong><span>Lomahallinta ja poissaolojen seuranta<\/span><\/strong><\/h3>\n<p><span>Ty\u00f6ntekij\u00f6iden erilaisten poissaolojen ja vapaiden seuranta, raportoiminen sek\u00e4 automatisointi onnistuu helposti. \u00c4killisten poissaolojen ilmoittaminen onnistuu j\u00e4rjestelm\u00e4n kautta, jolloin esimies saa heti tiedon ty\u00f6ntekij\u00e4n poissaolosta.<\/span><\/p>\n<\/div>\n<div class=\"col cols-2\">\n<h3><span><img loading=\"lazy\" decoding=\"async\" width=\"222\" height=\"400\" class=\"aligncenter wp-image-538 size-full\" alt=\"Solaforcen HR-j\u00e4rjestelm\u00e4 toimii kaikissa p\u00e4\u00e4telaitteissa\" src=\"https:\/\/www.solaforce.com\/wp-content\/uploads\/2015\/05\/Phone_iphone_2.png\" srcset=\"https:\/\/www.solaforce.com\/wp-content\/uploads\/2015\/05\/Phone_iphone_2.png 222w, https:\/\/www.solaforce.com\/wp-content\/uploads\/2015\/05\/Phone_iphone_2-22x40.png 22w, https:\/\/www.solaforce.com\/wp-content\/uploads\/2015\/05\/Phone_iphone_2-33x60.png 33w\" sizes=\"auto, (max-width: 222px) 100vw, 222px\" \/><\/span><\/h3>\n<\/div>\n<\/div>\n<\/div>\n<p>&nbsp;<\/p>\n","protected":false},"excerpt":{"rendered":"<p><span><\/p>\n<div class=\"wrap wrap-900 short-wrap\"><\/span><\/p>\n<h2><strong><span>Uuden sukupolven HR-j\u00e4rjestelm\u00e4st\u00e4 kaikki hy\u00f6ty irti<\/span><\/strong><\/h2>\n<p><span>Liiketoiminnan kehitt\u00e4minen ja kasvun tukeminen henkil\u00f6st\u00f6johtamisen avulla on mahdollista. Solaforcen HR-ratkaisu on \u00e4lyk\u00e4s ohjelmisto, joka mahdollistaa tietojen p\u00e4ivitt\u00e4misen, hallinnan,&#8230; <\/p>\n<p><a class=\"linkki\" href=\"https:\/\/www.solaforce.com\/fi\/hr-jarjestelma\/hyodyt\/\">Lue lis\u00e4\u00e4<\/a><\/p>\n<p><\/span><\/p>\n<\/div>\n","protected":false},"author":3,"featured_media":567,"parent":252,"menu_order":0,"comment_status":"closed","ping_status":"closed","template":"","meta":{"_acf_changed":false,"footnotes":""},"class_list":["post-255","page","type-page","status-publish","has-post-thumbnail","hentry"],"acf":[],"yoast_head":"<!-- This site is optimized with the Yoast SEO plugin v26.8 - https:\/\/yoast.com\/product\/yoast-seo-wordpress\/ -->\n<title>HR-ohjelmisto kaikkiin tarpeisiin - Hy\u00f6dyt<\/title>\n<meta name=\"description\" content=\"Suorituskykyinen HR-ratkaisu joka toimii kaikkialla maailmassa uuden sukupolven pilvipalveluna. Tutustu hy\u00f6tyihin ja ota k\u00e4ytt\u00f6\u00f6n Solaforcen HR-ohjelmisto.\u00a0\" \/>\n<meta name=\"robots\" content=\"index, follow, max-snippet:-1, max-image-preview:large, max-video-preview:-1\" \/>\n<link rel=\"canonical\" href=\"https:\/\/www.solaforce.com\/fi\/hr-jarjestelma\/hyodyt\/\" \/>\n<meta name=\"twitter:label1\" content=\"Arvioitu lukuaika\" \/>\n\t<meta name=\"twitter:data1\" content=\"2 minutes\" \/>\n<script type=\"application\/ld+json\" class=\"yoast-schema-graph\">{\"@context\":\"https:\/\/schema.org\",\"@graph\":[{\"@type\":\"WebPage\",\"@id\":\"https:\/\/www.solaforce.com\/fi\/hr-jarjestelma\/hyodyt\/\",\"url\":\"https:\/\/www.solaforce.com\/fi\/hr-jarjestelma\/hyodyt\/\",\"name\":\"HR-ohjelmisto kaikkiin tarpeisiin - Hy\u00f6dyt\",\"isPartOf\":{\"@id\":\"https:\/\/www.solaforce.com\/#website\"},\"primaryImageOfPage\":{\"@id\":\"https:\/\/www.solaforce.com\/fi\/hr-jarjestelma\/hyodyt\/#primaryimage\"},\"image\":{\"@id\":\"https:\/\/www.solaforce.com\/fi\/hr-jarjestelma\/hyodyt\/#primaryimage\"},\"thumbnailUrl\":\"https:\/\/www.solaforce.com\/wp-content\/uploads\/2015\/06\/18960522_ml.jpg\",\"datePublished\":\"2015-05-15T12:00:24+00:00\",\"dateModified\":\"2017-04-07T11:15:40+00:00\",\"description\":\"Suorituskykyinen HR-ratkaisu joka toimii kaikkialla maailmassa uuden sukupolven pilvipalveluna. Tutustu hy\u00f6tyihin ja ota k\u00e4ytt\u00f6\u00f6n Solaforcen HR-ohjelmisto.\u00a0\",\"breadcrumb\":{\"@id\":\"https:\/\/www.solaforce.com\/fi\/hr-jarjestelma\/hyodyt\/#breadcrumb\"},\"inLanguage\":\"fi\",\"potentialAction\":[{\"@type\":\"ReadAction\",\"target\":[\"https:\/\/www.solaforce.com\/fi\/hr-jarjestelma\/hyodyt\/\"]}]},{\"@type\":\"ImageObject\",\"inLanguage\":\"fi\",\"@id\":\"https:\/\/www.solaforce.com\/fi\/hr-jarjestelma\/hyodyt\/#primaryimage\",\"url\":\"https:\/\/www.solaforce.com\/wp-content\/uploads\/2015\/06\/18960522_ml.jpg\",\"contentUrl\":\"https:\/\/www.solaforce.com\/wp-content\/uploads\/2015\/06\/18960522_ml.jpg\",\"width\":1300,\"height\":1008,\"caption\":\"Solaforcen HR-j\u00e4rjestelm\u00e4 \/ Solaforce HCM -solution\"},{\"@type\":\"BreadcrumbList\",\"@id\":\"https:\/\/www.solaforce.com\/fi\/hr-jarjestelma\/hyodyt\/#breadcrumb\",\"itemListElement\":[{\"@type\":\"ListItem\",\"position\":1,\"name\":\"HR-J\u00e4rjestelm\u00e4\",\"item\":\"https:\/\/www.solaforce.com\/fi\/hr-jarjestelma\/\"},{\"@type\":\"ListItem\",\"position\":2,\"name\":\"Hy\u00f6dyt\"}]},{\"@type\":\"WebSite\",\"@id\":\"https:\/\/www.solaforce.com\/#website\",\"url\":\"https:\/\/www.solaforce.com\/\",\"name\":\"Solaforce\",\"description\":\"Solaforce HR-j\u00e4rjestelm\u00e4 uuden sukupolven pilvipalveluna\",\"publisher\":{\"@id\":\"https:\/\/www.solaforce.com\/#organization\"},\"potentialAction\":[{\"@type\":\"SearchAction\",\"target\":{\"@type\":\"EntryPoint\",\"urlTemplate\":\"https:\/\/www.solaforce.com\/?s={search_term_string}\"},\"query-input\":{\"@type\":\"PropertyValueSpecification\",\"valueRequired\":true,\"valueName\":\"search_term_string\"}}],\"inLanguage\":\"fi\"},{\"@type\":\"Organization\",\"@id\":\"https:\/\/www.solaforce.com\/#organization\",\"name\":\"Solaforce Oy\",\"url\":\"https:\/\/www.solaforce.com\/\",\"logo\":{\"@type\":\"ImageObject\",\"inLanguage\":\"fi\",\"@id\":\"https:\/\/www.solaforce.com\/#\/schema\/logo\/image\/\",\"url\":\"http:\/\/www.solaforce.com\/wp-content\/uploads\/2016\/01\/Solaforce_logo.png\",\"contentUrl\":\"http:\/\/www.solaforce.com\/wp-content\/uploads\/2016\/01\/Solaforce_logo.png\",\"width\":509,\"height\":126,\"caption\":\"Solaforce Oy\"},\"image\":{\"@id\":\"https:\/\/www.solaforce.com\/#\/schema\/logo\/image\/\"},\"sameAs\":[\"https:\/\/www.facebook.com\/Solaforce-HCM-1101730939840740\/\",\"https:\/\/x.com\/SolaforceHCM\",\"https:\/\/www.linkedin.com\/company\/3742682\/\"]}]}<\/script>\n<!-- \/ Yoast SEO plugin. -->","yoast_head_json":{"title":"HR-ohjelmisto kaikkiin tarpeisiin - Hy\u00f6dyt","description":"Suorituskykyinen HR-ratkaisu joka toimii kaikkialla maailmassa uuden sukupolven pilvipalveluna. Tutustu hy\u00f6tyihin ja ota k\u00e4ytt\u00f6\u00f6n Solaforcen HR-ohjelmisto.\u00a0","robots":{"index":"index","follow":"follow","max-snippet":"max-snippet:-1","max-image-preview":"max-image-preview:large","max-video-preview":"max-video-preview:-1"},"canonical":"https:\/\/www.solaforce.com\/fi\/hr-jarjestelma\/hyodyt\/","twitter_misc":{"Arvioitu lukuaika":"2 minutes"},"schema":{"@context":"https:\/\/schema.org","@graph":[{"@type":"WebPage","@id":"https:\/\/www.solaforce.com\/fi\/hr-jarjestelma\/hyodyt\/","url":"https:\/\/www.solaforce.com\/fi\/hr-jarjestelma\/hyodyt\/","name":"HR-ohjelmisto kaikkiin tarpeisiin - Hy\u00f6dyt","isPartOf":{"@id":"https:\/\/www.solaforce.com\/#website"},"primaryImageOfPage":{"@id":"https:\/\/www.solaforce.com\/fi\/hr-jarjestelma\/hyodyt\/#primaryimage"},"image":{"@id":"https:\/\/www.solaforce.com\/fi\/hr-jarjestelma\/hyodyt\/#primaryimage"},"thumbnailUrl":"https:\/\/www.solaforce.com\/wp-content\/uploads\/2015\/06\/18960522_ml.jpg","datePublished":"2015-05-15T12:00:24+00:00","dateModified":"2017-04-07T11:15:40+00:00","description":"Suorituskykyinen HR-ratkaisu joka toimii kaikkialla maailmassa uuden sukupolven pilvipalveluna. Tutustu hy\u00f6tyihin ja ota k\u00e4ytt\u00f6\u00f6n Solaforcen HR-ohjelmisto.\u00a0","breadcrumb":{"@id":"https:\/\/www.solaforce.com\/fi\/hr-jarjestelma\/hyodyt\/#breadcrumb"},"inLanguage":"fi","potentialAction":[{"@type":"ReadAction","target":["https:\/\/www.solaforce.com\/fi\/hr-jarjestelma\/hyodyt\/"]}]},{"@type":"ImageObject","inLanguage":"fi","@id":"https:\/\/www.solaforce.com\/fi\/hr-jarjestelma\/hyodyt\/#primaryimage","url":"https:\/\/www.solaforce.com\/wp-content\/uploads\/2015\/06\/18960522_ml.jpg","contentUrl":"https:\/\/www.solaforce.com\/wp-content\/uploads\/2015\/06\/18960522_ml.jpg","width":1300,"height":1008,"caption":"Solaforcen HR-j\u00e4rjestelm\u00e4 \/ Solaforce HCM -solution"},{"@type":"BreadcrumbList","@id":"https:\/\/www.solaforce.com\/fi\/hr-jarjestelma\/hyodyt\/#breadcrumb","itemListElement":[{"@type":"ListItem","position":1,"name":"HR-J\u00e4rjestelm\u00e4","item":"https:\/\/www.solaforce.com\/fi\/hr-jarjestelma\/"},{"@type":"ListItem","position":2,"name":"Hy\u00f6dyt"}]},{"@type":"WebSite","@id":"https:\/\/www.solaforce.com\/#website","url":"https:\/\/www.solaforce.com\/","name":"Solaforce","description":"Solaforce HR-j\u00e4rjestelm\u00e4 uuden sukupolven pilvipalveluna","publisher":{"@id":"https:\/\/www.solaforce.com\/#organization"},"potentialAction":[{"@type":"SearchAction","target":{"@type":"EntryPoint","urlTemplate":"https:\/\/www.solaforce.com\/?s={search_term_string}"},"query-input":{"@type":"PropertyValueSpecification","valueRequired":true,"valueName":"search_term_string"}}],"inLanguage":"fi"},{"@type":"Organization","@id":"https:\/\/www.solaforce.com\/#organization","name":"Solaforce Oy","url":"https:\/\/www.solaforce.com\/","logo":{"@type":"ImageObject","inLanguage":"fi","@id":"https:\/\/www.solaforce.com\/#\/schema\/logo\/image\/","url":"http:\/\/www.solaforce.com\/wp-content\/uploads\/2016\/01\/Solaforce_logo.png","contentUrl":"http:\/\/www.solaforce.com\/wp-content\/uploads\/2016\/01\/Solaforce_logo.png","width":509,"height":126,"caption":"Solaforce Oy"},"image":{"@id":"https:\/\/www.solaforce.com\/#\/schema\/logo\/image\/"},"sameAs":["https:\/\/www.facebook.com\/Solaforce-HCM-1101730939840740\/","https:\/\/x.com\/SolaforceHCM","https:\/\/www.linkedin.com\/company\/3742682\/"]}]}},"_links":{"self":[{"href":"https:\/\/www.solaforce.com\/fi\/wp-json\/wp\/v2\/pages\/255","targetHints":{"allow":["GET"]}}],"collection":[{"href":"https:\/\/www.solaforce.com\/fi\/wp-json\/wp\/v2\/pages"}],"about":[{"href":"https:\/\/www.solaforce.com\/fi\/wp-json\/wp\/v2\/types\/page"}],"author":[{"embeddable":true,"href":"https:\/\/www.solaforce.com\/fi\/wp-json\/wp\/v2\/users\/3"}],"replies":[{"embeddable":true,"href":"https:\/\/www.solaforce.com\/fi\/wp-json\/wp\/v2\/comments?post=255"}],"version-history":[{"count":0,"href":"https:\/\/www.solaforce.com\/fi\/wp-json\/wp\/v2\/pages\/255\/revisions"}],"up":[{"embeddable":true,"href":"https:\/\/www.solaforce.com\/fi\/wp-json\/wp\/v2\/pages\/252"}],"wp:featuredmedia":[{"embeddable":true,"href":"https:\/\/www.solaforce.com\/fi\/wp-json\/wp\/v2\/media\/567"}],"wp:attachment":[{"href":"https:\/\/www.solaforce.com\/fi\/wp-json\/wp\/v2\/media?parent=255"}],"curies":[{"name":"wp","href":"https:\/\/api.w.org\/{rel}","templated":true}]}}