{"id":258,"date":"2015-05-13T12:14:58","date_gmt":"2015-05-13T09:14:58","guid":{"rendered":"http:\/\/solaforce.wpengine.com\/solaforce-hcm\/solaforce\/"},"modified":"2018-03-13T15:22:24","modified_gmt":"2018-03-13T13:22:24","slug":"miksi-solaforce","status":"publish","type":"page","link":"https:\/\/www.solaforce.com\/fi\/hr-jarjestelma\/miksi-solaforce\/","title":{"rendered":"Miksi Solaforce?"},"content":{"rendered":"<div class=\"wrap wrap-900 short-wrap\"><\/p>\n<h2>Solaforcen osaaminen syntyy kokemuksesta<\/h2>\n<p>Solaforcen HR-j\u00e4rjestelm\u00e4 tukee koko ty\u00f6suhteen elinkaarta:<\/p>\n<ul>\n<li>Rekrytointi ja ty\u00f6suhteen aloitus<\/li>\n<li>Data aina ajan tasalla \u2013 ei en\u00e4\u00e4 exceleit\u00e4 ja kortistoja<\/li>\n<li>Ty\u00f6ntekij\u00f6iden itsepalvelu<\/li>\n<li>Osaamisen kehitt\u00e4minen ja koulutus<\/li>\n<li>Seuraajasuunnittelu ja talenttien hallinta<\/li>\n<li>Edistykselliset bonus- ja tuloskorttilaskelmat<\/li>\n<li>Johtaminen ja palkitseminen<\/li>\n<li>Ty\u00f6ss\u00e4 viihtymisen mittaaminen ja ty\u00f6hyvinvointi<\/li>\n<li>Raportointi eri osastoille (mm. henkil\u00f6st\u00f6- ja palkkahallinto)<\/li>\n<\/ul>\n<h3>T\u00e4t\u00e4 kaikkea on Solaforcen HR-j\u00e4rjestelm\u00e4<\/h3>\n<div class=\"columns row group\">\n<div class=\"col cols-2\">\n<p><strong>Moderni, uusinta teknologiaa<\/strong> \u2013 ennustavaa analytiikkaa ja teko\u00e4ly\u00e4. Pilvipalveluna uuden sukupolven ratkaisu, jossa k\u00e4ytt\u00f6liittym\u00e4 on selke\u00e4 ja intuitiivinen.<\/p>\n<p><strong>P\u00e4\u00e4telaiteriippumaton<\/strong> \u2013 toimii kaikilla p\u00e4\u00e4tteill\u00e4\u00a0ilman kankeita asennuksia tai hankalia aplikaatioita. Itsepalvelu 24\/7 my\u00f6s mobiilisti.<\/p>\n<p><strong>Yhdistett\u00e4vyys<\/strong> \u2013 integroituu osaksi muita j\u00e4rjestelmi\u00e4 valmiiden integraatiorajapintojen avulla. Helppo yll\u00e4pit\u00e4\u00e4 ja p\u00e4ivitt\u00e4\u00e4.<\/p>\n<p><strong>Toimialariippumaton<\/strong> \u2013 soveltuu kaikille toimialoille, skaalautuu yrityksen koon mukaan.<\/p>\n<\/div>\n<div class=\"col cols-2\">\n<p><strong>Yhten\u00e4inen kokonaisuus<\/strong> \u2013 koko ty\u00f6suhteen elinkaari rekrytoinnista henkil\u00f6st\u00f6n kehitt\u00e4miseen ja liiketoiminnan kasvun tukemiseen. Data yhdess\u00e4 paikassa aina ajan tasalla.<\/p>\n<p><strong>Kansainv\u00e4linen<\/strong> \u2013 k\u00e4ytett\u00e4viss\u00e4 kotimaan markkinoilla ja globaalisti toimivissa yrityksiss\u00e4 16 eri kielell\u00e4.<\/p>\n<p><strong>Edell\u00e4k\u00e4vij\u00e4<\/strong> \u2013 jatkuva kehitystahti, jotta asiakkaamme saisivat aina parhaan palvelun.<\/p>\n<p><strong>Turvallinen<\/strong> \u2013 kansainv\u00e4liset turvallisuusstandardit t\u00e4ytt\u00e4v\u00e4, kokonaisvaltainen ratkaisu vaativaan ja laajaan k\u00e4ytt\u00f6\u00f6n.<\/p>\n<\/div>\n<\/div>\n<p>&nbsp;<\/p>\n<div><\/div>\n<div><\/div>\n<div class=\"columns row group\"><span>J\u00e4rjestelm\u00e4 on kehitetty <strong>yhteisty\u00f6ss\u00e4 HR-ammattilaisten kanssa<\/strong>. Vanhojen j\u00e4rjestelmien kankeus ja puutteet antoivat alkusys\u00e4yksen ajatukselle, ett\u00e4 t\u00e4m\u00e4nkin asian voisi tehd\u00e4 paremmin, paljon paremmin. Pitk\u00e4 ja monipuolinen kokemus ohjelmisto- ja pilvipalveluista sek\u00e4 kansainv\u00e4lisest\u00e4 liiketoiminnasta ovat auttaneet kehitt\u00e4m\u00e4\u00e4n Solaforcen ohjelmistosta asiakasl\u00e4ht\u00f6isen ja toimivan HR-j\u00e4rjestelm\u00e4n. Pilvipalveluna Solaforce HCM kehittyy jatkuvasti ja sen uusimmat p\u00e4ivitykset ovat heti kaikkien asiakkaidemme k\u00e4ytett\u00e4viss\u00e4. Ei siis erillisi\u00e4 asennuksia tai p\u00e4ivityksi\u00e4, jotka vaativat IT-osaston aikaa!<\/span><\/div>\n<p>&nbsp;<\/p>\n<p><b><span style=\"font-family: Thread-000000cc-Id-0000016a;\" face=\"Thread-000000cc-Id-0000016a\">\u00a0<\/span><\/b><\/p>\n<p style=\"text-align: center;\">Tutustu my\u00f6s\u00a0<a href=\"https:\/\/www.solaforce.com\/fi\/asiakkaat\/\">k\u00e4ytt\u00f6kohteisiin<\/a> ja asiakaskertomuksiimme!<\/p>\n<h3 style=\"text-align: center;\">Solaforce HR-j\u00e4rjestelm\u00e4 &#8211; Uuden sukupolven HR-ratkaisu<\/h3>\n<h3><img loading=\"lazy\" decoding=\"async\" width=\"400\" height=\"29\" class=\"aligncenter wp-image-904 size-medium\" alt=\"hr-j\u00e4rjestelm\u00e4\" src=\"https:\/\/www.solaforce.com\/wp-content\/uploads\/2016\/01\/hr-j\u00e4rjestelm\u00e4-400x29.png\" srcset=\"https:\/\/www.solaforce.com\/wp-content\/uploads\/2016\/01\/hr-j\u00e4rjestelm\u00e4-400x29.png 400w, https:\/\/www.solaforce.com\/wp-content\/uploads\/2016\/01\/hr-j\u00e4rjestelm\u00e4-768x56.png 768w, https:\/\/www.solaforce.com\/wp-content\/uploads\/2016\/01\/hr-j\u00e4rjestelm\u00e4-800x58.png 800w, https:\/\/www.solaforce.com\/wp-content\/uploads\/2016\/01\/hr-j\u00e4rjestelm\u00e4-40x3.png 40w, https:\/\/www.solaforce.com\/wp-content\/uploads\/2016\/01\/hr-j\u00e4rjestelm\u00e4-60x4.png 60w, https:\/\/www.solaforce.com\/wp-content\/uploads\/2016\/01\/hr-j\u00e4rjestelm\u00e4.png 836w\" sizes=\"auto, (max-width: 400px) 100vw, 400px\" \/><\/h3>\n<h3 style=\"text-align: center;\"><\/h3>\n<p style=\"text-align: center;\"><\/div>\n","protected":false},"excerpt":{"rendered":"<div class=\"wrap wrap-900 short-wrap\">\n<h2>Solaforcen osaaminen syntyy kokemuksesta<\/h2>\n<p>Solaforcen HR-j\u00e4rjestelm\u00e4 tukee koko ty\u00f6suhteen elinkaarta:<\/p>\n<ul>\n<li>Rekrytointi ja ty\u00f6suhteen aloitus<\/li>\n<li>Data aina ajan tasalla \u2013 ei en\u00e4\u00e4 exceleit\u00e4 ja kortistoja<\/li>\n<li>Ty\u00f6ntekij\u00f6iden itsepalvelu<\/li>\n<li>Osaamisen kehitt\u00e4minen ja&#8230;\n<p><a class=\"linkki\" href=\"https:\/\/www.solaforce.com\/fi\/hr-jarjestelma\/miksi-solaforce\/\">Lue lis\u00e4\u00e4<\/a><\/p>\n<\/li>\n<\/ul>\n<\/div>\n","protected":false},"author":3,"featured_media":567,"parent":252,"menu_order":0,"comment_status":"closed","ping_status":"closed","template":"","meta":{"_acf_changed":false,"footnotes":""},"class_list":["post-258","page","type-page","status-publish","has-post-thumbnail","hentry"],"acf":[],"yoast_head":"<!-- This site is optimized with the Yoast SEO plugin v27.5 - https:\/\/yoast.com\/product\/yoast-seo-wordpress\/ -->\n<title>HR-j\u00e4rjestelm\u00e4 kokonaisvaltaisena pilvipalveluna<\/title>\n<meta name=\"description\" content=\"Solaforce HR-j\u00e4rjestelm\u00e4 on kehitetty yhdess\u00e4 HR-ammattilaisten kanssa vastaamaan erilaisiin henkil\u00f6st\u00f6hallinnon haasteisiin nyt ja tulevaisuudessa.\" \/>\n<meta name=\"robots\" content=\"index, follow, max-snippet:-1, max-image-preview:large, max-video-preview:-1\" \/>\n<link rel=\"canonical\" href=\"https:\/\/www.solaforce.com\/solaforce-hcm-solution\/solaforce\/\" \/>\n<meta name=\"twitter:label1\" content=\"Arvioitu lukuaika\" \/>\n\t<meta name=\"twitter:data1\" content=\"1 minute\" \/>\n<script type=\"application\/ld+json\" class=\"yoast-schema-graph\">{\"@context\":\"https:\\\/\\\/schema.org\",\"@graph\":[{\"@type\":\"WebPage\",\"@id\":\"https:\\\/\\\/www.solaforce.com\\\/solaforce-hcm-solution\\\/solaforce\\\/\",\"url\":\"https:\\\/\\\/www.solaforce.com\\\/solaforce-hcm-solution\\\/solaforce\\\/\",\"name\":\"HR-j\u00e4rjestelm\u00e4 kokonaisvaltaisena pilvipalveluna\",\"isPartOf\":{\"@id\":\"https:\\\/\\\/www.solaforce.com\\\/fi\\\/#website\"},\"primaryImageOfPage\":{\"@id\":\"https:\\\/\\\/www.solaforce.com\\\/solaforce-hcm-solution\\\/solaforce\\\/#primaryimage\"},\"image\":{\"@id\":\"https:\\\/\\\/www.solaforce.com\\\/solaforce-hcm-solution\\\/solaforce\\\/#primaryimage\"},\"thumbnailUrl\":\"https:\\\/\\\/www.solaforce.com\\\/wp-content\\\/uploads\\\/2015\\\/06\\\/18960522_ml.jpg\",\"datePublished\":\"2015-05-13T09:14:58+00:00\",\"dateModified\":\"2018-03-13T13:22:24+00:00\",\"description\":\"Solaforce HR-j\u00e4rjestelm\u00e4 on kehitetty yhdess\u00e4 HR-ammattilaisten kanssa vastaamaan erilaisiin henkil\u00f6st\u00f6hallinnon haasteisiin nyt ja tulevaisuudessa.\",\"breadcrumb\":{\"@id\":\"https:\\\/\\\/www.solaforce.com\\\/solaforce-hcm-solution\\\/solaforce\\\/#breadcrumb\"},\"inLanguage\":\"fi\",\"potentialAction\":[{\"@type\":\"ReadAction\",\"target\":[\"https:\\\/\\\/www.solaforce.com\\\/solaforce-hcm-solution\\\/solaforce\\\/\"]}]},{\"@type\":\"ImageObject\",\"inLanguage\":\"fi\",\"@id\":\"https:\\\/\\\/www.solaforce.com\\\/solaforce-hcm-solution\\\/solaforce\\\/#primaryimage\",\"url\":\"https:\\\/\\\/www.solaforce.com\\\/wp-content\\\/uploads\\\/2015\\\/06\\\/18960522_ml.jpg\",\"contentUrl\":\"https:\\\/\\\/www.solaforce.com\\\/wp-content\\\/uploads\\\/2015\\\/06\\\/18960522_ml.jpg\",\"width\":1300,\"height\":1008,\"caption\":\"Solaforcen HR-j\u00e4rjestelm\u00e4 \\\/ Solaforce HCM -solution\"},{\"@type\":\"BreadcrumbList\",\"@id\":\"https:\\\/\\\/www.solaforce.com\\\/solaforce-hcm-solution\\\/solaforce\\\/#breadcrumb\",\"itemListElement\":[{\"@type\":\"ListItem\",\"position\":1,\"name\":\"HR-J\u00e4rjestelm\u00e4\",\"item\":\"https:\\\/\\\/www.solaforce.com\\\/fi\\\/hr-jarjestelma\\\/\"},{\"@type\":\"ListItem\",\"position\":2,\"name\":\"Miksi Solaforce?\"}]},{\"@type\":\"WebSite\",\"@id\":\"https:\\\/\\\/www.solaforce.com\\\/fi\\\/#website\",\"url\":\"https:\\\/\\\/www.solaforce.com\\\/fi\\\/\",\"name\":\"Solaforce\",\"description\":\"Solaforce HR-j\u00e4rjestelm\u00e4 uuden sukupolven pilvipalveluna\",\"publisher\":{\"@id\":\"https:\\\/\\\/www.solaforce.com\\\/fi\\\/#organization\"},\"potentialAction\":[{\"@type\":\"SearchAction\",\"target\":{\"@type\":\"EntryPoint\",\"urlTemplate\":\"https:\\\/\\\/www.solaforce.com\\\/fi\\\/?s={search_term_string}\"},\"query-input\":{\"@type\":\"PropertyValueSpecification\",\"valueRequired\":true,\"valueName\":\"search_term_string\"}}],\"inLanguage\":\"fi\"},{\"@type\":\"Organization\",\"@id\":\"https:\\\/\\\/www.solaforce.com\\\/fi\\\/#organization\",\"name\":\"Solaforce Oy\",\"url\":\"https:\\\/\\\/www.solaforce.com\\\/fi\\\/\",\"logo\":{\"@type\":\"ImageObject\",\"inLanguage\":\"fi\",\"@id\":\"https:\\\/\\\/www.solaforce.com\\\/fi\\\/#\\\/schema\\\/logo\\\/image\\\/\",\"url\":\"http:\\\/\\\/www.solaforce.com\\\/wp-content\\\/uploads\\\/2016\\\/01\\\/Solaforce_logo.png\",\"contentUrl\":\"http:\\\/\\\/www.solaforce.com\\\/wp-content\\\/uploads\\\/2016\\\/01\\\/Solaforce_logo.png\",\"width\":509,\"height\":126,\"caption\":\"Solaforce Oy\"},\"image\":{\"@id\":\"https:\\\/\\\/www.solaforce.com\\\/fi\\\/#\\\/schema\\\/logo\\\/image\\\/\"},\"sameAs\":[\"https:\\\/\\\/www.facebook.com\\\/Solaforce-HCM-1101730939840740\\\/\",\"https:\\\/\\\/x.com\\\/SolaforceHCM\",\"https:\\\/\\\/www.linkedin.com\\\/company\\\/3742682\\\/\"]}]}<\/script>\n<!-- \/ Yoast SEO plugin. -->","yoast_head_json":{"title":"HR-j\u00e4rjestelm\u00e4 kokonaisvaltaisena pilvipalveluna","description":"Solaforce HR-j\u00e4rjestelm\u00e4 on kehitetty yhdess\u00e4 HR-ammattilaisten kanssa vastaamaan erilaisiin henkil\u00f6st\u00f6hallinnon haasteisiin nyt ja tulevaisuudessa.","robots":{"index":"index","follow":"follow","max-snippet":"max-snippet:-1","max-image-preview":"max-image-preview:large","max-video-preview":"max-video-preview:-1"},"canonical":"https:\/\/www.solaforce.com\/solaforce-hcm-solution\/solaforce\/","twitter_misc":{"Arvioitu lukuaika":"1 minute"},"schema":{"@context":"https:\/\/schema.org","@graph":[{"@type":"WebPage","@id":"https:\/\/www.solaforce.com\/solaforce-hcm-solution\/solaforce\/","url":"https:\/\/www.solaforce.com\/solaforce-hcm-solution\/solaforce\/","name":"HR-j\u00e4rjestelm\u00e4 kokonaisvaltaisena pilvipalveluna","isPartOf":{"@id":"https:\/\/www.solaforce.com\/fi\/#website"},"primaryImageOfPage":{"@id":"https:\/\/www.solaforce.com\/solaforce-hcm-solution\/solaforce\/#primaryimage"},"image":{"@id":"https:\/\/www.solaforce.com\/solaforce-hcm-solution\/solaforce\/#primaryimage"},"thumbnailUrl":"https:\/\/www.solaforce.com\/wp-content\/uploads\/2015\/06\/18960522_ml.jpg","datePublished":"2015-05-13T09:14:58+00:00","dateModified":"2018-03-13T13:22:24+00:00","description":"Solaforce HR-j\u00e4rjestelm\u00e4 on kehitetty yhdess\u00e4 HR-ammattilaisten kanssa vastaamaan erilaisiin henkil\u00f6st\u00f6hallinnon haasteisiin nyt ja tulevaisuudessa.","breadcrumb":{"@id":"https:\/\/www.solaforce.com\/solaforce-hcm-solution\/solaforce\/#breadcrumb"},"inLanguage":"fi","potentialAction":[{"@type":"ReadAction","target":["https:\/\/www.solaforce.com\/solaforce-hcm-solution\/solaforce\/"]}]},{"@type":"ImageObject","inLanguage":"fi","@id":"https:\/\/www.solaforce.com\/solaforce-hcm-solution\/solaforce\/#primaryimage","url":"https:\/\/www.solaforce.com\/wp-content\/uploads\/2015\/06\/18960522_ml.jpg","contentUrl":"https:\/\/www.solaforce.com\/wp-content\/uploads\/2015\/06\/18960522_ml.jpg","width":1300,"height":1008,"caption":"Solaforcen HR-j\u00e4rjestelm\u00e4 \/ Solaforce HCM -solution"},{"@type":"BreadcrumbList","@id":"https:\/\/www.solaforce.com\/solaforce-hcm-solution\/solaforce\/#breadcrumb","itemListElement":[{"@type":"ListItem","position":1,"name":"HR-J\u00e4rjestelm\u00e4","item":"https:\/\/www.solaforce.com\/fi\/hr-jarjestelma\/"},{"@type":"ListItem","position":2,"name":"Miksi Solaforce?"}]},{"@type":"WebSite","@id":"https:\/\/www.solaforce.com\/fi\/#website","url":"https:\/\/www.solaforce.com\/fi\/","name":"Solaforce","description":"Solaforce HR-j\u00e4rjestelm\u00e4 uuden sukupolven pilvipalveluna","publisher":{"@id":"https:\/\/www.solaforce.com\/fi\/#organization"},"potentialAction":[{"@type":"SearchAction","target":{"@type":"EntryPoint","urlTemplate":"https:\/\/www.solaforce.com\/fi\/?s={search_term_string}"},"query-input":{"@type":"PropertyValueSpecification","valueRequired":true,"valueName":"search_term_string"}}],"inLanguage":"fi"},{"@type":"Organization","@id":"https:\/\/www.solaforce.com\/fi\/#organization","name":"Solaforce Oy","url":"https:\/\/www.solaforce.com\/fi\/","logo":{"@type":"ImageObject","inLanguage":"fi","@id":"https:\/\/www.solaforce.com\/fi\/#\/schema\/logo\/image\/","url":"http:\/\/www.solaforce.com\/wp-content\/uploads\/2016\/01\/Solaforce_logo.png","contentUrl":"http:\/\/www.solaforce.com\/wp-content\/uploads\/2016\/01\/Solaforce_logo.png","width":509,"height":126,"caption":"Solaforce Oy"},"image":{"@id":"https:\/\/www.solaforce.com\/fi\/#\/schema\/logo\/image\/"},"sameAs":["https:\/\/www.facebook.com\/Solaforce-HCM-1101730939840740\/","https:\/\/x.com\/SolaforceHCM","https:\/\/www.linkedin.com\/company\/3742682\/"]}]}},"_links":{"self":[{"href":"https:\/\/www.solaforce.com\/fi\/wp-json\/wp\/v2\/pages\/258","targetHints":{"allow":["GET"]}}],"collection":[{"href":"https:\/\/www.solaforce.com\/fi\/wp-json\/wp\/v2\/pages"}],"about":[{"href":"https:\/\/www.solaforce.com\/fi\/wp-json\/wp\/v2\/types\/page"}],"author":[{"embeddable":true,"href":"https:\/\/www.solaforce.com\/fi\/wp-json\/wp\/v2\/users\/3"}],"replies":[{"embeddable":true,"href":"https:\/\/www.solaforce.com\/fi\/wp-json\/wp\/v2\/comments?post=258"}],"version-history":[{"count":0,"href":"https:\/\/www.solaforce.com\/fi\/wp-json\/wp\/v2\/pages\/258\/revisions"}],"up":[{"embeddable":true,"href":"https:\/\/www.solaforce.com\/fi\/wp-json\/wp\/v2\/pages\/252"}],"wp:featuredmedia":[{"embeddable":true,"href":"https:\/\/www.solaforce.com\/fi\/wp-json\/wp\/v2\/media\/567"}],"wp:attachment":[{"href":"https:\/\/www.solaforce.com\/fi\/wp-json\/wp\/v2\/media?parent=258"}],"curies":[{"name":"wp","href":"https:\/\/api.w.org\/{rel}","templated":true}]}}